{"id":10005,"date":"2025-12-29T22:58:24","date_gmt":"2025-12-29T22:58:24","guid":{"rendered":"https:\/\/aeaprintup.pt\/?page_id=10005"},"modified":"2026-03-18T23:50:20","modified_gmt":"2026-03-18T23:50:20","slug":"personalizacao","status":"publish","type":"page","link":"https:\/\/aeaprintup.pt\/en\/personalizacao\/","title":{"rendered":"PERSONALIZA\u00c7\u00c3O"},"content":{"rendered":"<div data-elementor-type=\"wp-page\" data-elementor-id=\"10005\" class=\"elementor elementor-10005\">\n\t\t\t\t<div class=\"elementor-element elementor-element-3bb48b2 e-grid e-con-boxed e-con e-parent\" data-id=\"3bb48b2\" data-element_type=\"container\" data-e-type=\"container\">\n\t\t\t\t\t<div class=\"e-con-inner\">\n\t\t\t\t<div class=\"elementor-element elementor-element-45b808a elementor-widget elementor-widget-image\" data-id=\"45b808a\" data-element_type=\"widget\" data-e-type=\"widget\" data-widget_type=\"image.default\">\n\t\t\t\t<div class=\"elementor-widget-container\">\n\t\t\t\t\t\t\t\t\t\t\t\t\t\t\t<img fetchpriority=\"high\" decoding=\"async\" width=\"1024\" height=\"1024\" src=\"https:\/\/aeaprintup.pt\/wp-content\/uploads\/2026\/03\/imagem-personalizacao.png\" class=\"attachment-large size-large wp-image-10892\" alt=\"\" srcset=\"https:\/\/aeaprintup.pt\/wp-content\/uploads\/2026\/03\/imagem-personalizacao.png 1024w, https:\/\/aeaprintup.pt\/wp-content\/uploads\/2026\/03\/imagem-personalizacao-300x300.png 300w, https:\/\/aeaprintup.pt\/wp-content\/uploads\/2026\/03\/imagem-personalizacao-150x150.png 150w, https:\/\/aeaprintup.pt\/wp-content\/uploads\/2026\/03\/imagem-personalizacao-768x768.png 768w, https:\/\/aeaprintup.pt\/wp-content\/uploads\/2026\/03\/imagem-personalizacao-500x500.png 500w, https:\/\/aeaprintup.pt\/wp-content\/uploads\/2026\/03\/imagem-personalizacao-100x100.png 100w\" sizes=\"(max-width: 1024px) 100vw, 1024px\" \/>\t\t\t\t\t\t\t\t\t\t\t\t\t\t\t<\/div>\n\t\t\t\t<\/div>\n\t\t<div class=\"elementor-element elementor-element-43f401e e-con-full e-flex e-con e-child\" data-id=\"43f401e\" data-element_type=\"container\" data-e-type=\"container\">\n\t\t\t\t<div class=\"elementor-element elementor-element-2784a18 elementor-widget elementor-widget-text-editor\" data-id=\"2784a18\" data-element_type=\"widget\" data-e-type=\"widget\" data-widget_type=\"text-editor.default\">\n\t\t\t\t<div class=\"elementor-widget-container\">\n\t\t\t\t\t\t\t\t\t<div style=\"text-align: justify;\">\n<p data-start=\"191\" data-end=\"409\">A personaliza\u00e7\u00e3o de produtos ou brindes transforma objetos comuns em experi\u00eancias \u00fanicas e memor\u00e1veis. Seja para empresas, eventos ou ocasi\u00f5es especiais, cada brinde personalizado transmite identidade, cuidado e valor.<\/p>\n<p data-start=\"411\" data-end=\"791\"><strong data-start=\"411\" data-end=\"437\">Identidade \u00e0 sua marca<\/strong>: crie produtos pensados ao detalhe, com cores, log\u00f3tipos e mensagens que representam o seu neg\u00f3cio.<\/p>\n<p data-start=\"411\" data-end=\"791\"><strong data-start=\"495\" data-end=\"519\">Personaliza\u00e7\u00e3o total<\/strong>: adapta\u00e7\u00e3o completa de cores, textos, log\u00f3tipos e formatos para atender \u00e0s necessidades de cada cliente ou evento.<\/p>\n<p data-start=\"411\" data-end=\"791\"><strong data-start=\"589\" data-end=\"610\">Impacto duradouro<\/strong>: brindes \u00fateis e criativos que permanecem no dia a dia de quem os recebe, garantindo visibilidade cont\u00ednua da sua marca.<\/p>\n<p data-start=\"411\" data-end=\"791\"><strong data-start=\"687\" data-end=\"704\">Versatilidade<\/strong>: ideais para eventos corporativos, campanhas promocionais, datas comemorativas, lembran\u00e7as de clientes ou presentes exclusivos.<\/p>\n<p data-start=\"793\" data-end=\"1146\"><span style=\"font-style: inherit; font-weight: inherit;\">Na AM &amp; AG PrintUp, a personaliza\u00e7\u00e3o vai al\u00e9m do visual: cada produto ou brinde \u00e9 pensado para transmitir a identidade da sua marca e criar uma experi\u00eancia memor\u00e1vel. Trabalhamos com uma ampla variedade de materiais e t\u00e9cnicas, incluindo acr\u00edlico, metal, tecido e impress\u00e3o 3D, garantindo que cada pe\u00e7a final combina est\u00e9tica, durabilidade e funcionalidade.<\/span><\/p>\n<p data-start=\"1511\" data-end=\"1871\">Oferecemos uma grande diversidade de produtos personaliz\u00e1veis: brindes corporativos, artigos promocionais, acess\u00f3rios exclusivos, pe\u00e7as decorativas e objetos criativos desenvolvidos sob medida. Cada item pode ser adaptado com log\u00f3tipos, textos, cores, imagens ou designs \u00fanicos, permitindo criar pe\u00e7as que se destacam e permanecem na mem\u00f3ria de quem as recebe.<\/p>\n<p data-start=\"1873\" data-end=\"2230\">As t\u00e9cnicas de personaliza\u00e7\u00e3o incluem sublima\u00e7\u00e3o e impress\u00e3o 3D, escolhidas de acordo com o material e o efeito desejado. Esta flexibilidade permite criar produtos para diferentes contextos, desde campanhas promocionais e eventos corporativos at\u00e9 presentes personalizados para datas especiais ou celebra\u00e7\u00f5es particulares.<\/p>\n<p data-start=\"2232\" data-end=\"2524\">Ao apostar em produtos personalizados, refor\u00e7a a presen\u00e7a da sua marca, cativa clientes e oferece experi\u00eancias \u00fanicas. Cada projeto \u00e9 acompanhado de perto pela nossa equipa, desde a conce\u00e7\u00e3o da ideia at\u00e9 \u00e0 entrega final, garantindo resultados fi\u00e9is \u00e0 sua vis\u00e3o e com alto padr\u00e3o de qualidade.<\/p>\n<p data-start=\"2526\" data-end=\"2782\">Se procura criar algo \u00fanico, diferenciar a sua marca ou oferecer um presente inesquec\u00edvel, a personaliza\u00e7\u00e3o \u00e9 a escolha certa. Descubra todas as possibilidades na nossa loja online ou contacte-nos em <a rel=\"noopener\" data-start=\"2726\" data-end=\"2745\">geral@aeaprintup.pt<\/a>\u00a0<span style=\"font-size: 1rem;\">e teremos todo o gosto em encontrar uma solu\u00e7\u00e3o \u00e0 medida das suas necessidades.<\/span><\/p>\n\n<div style=\"margin: 20px 0px;\"><a style=\"display: inline-block; padding: 10px 20px; background: #43b399; color: #ffffff; text-decoration: none; border-radius: 6px; font-weight: 600;\" href=\"https:\/\/aeaprintup.pt\/en\/product-category\/personalizacao\/?v=1cff84373b84\">\nVer produtos personalizados\n<\/a><\/div>\n<\/div>\t\t\t\t\t\t\t\t<\/div>\n\t\t\t\t<\/div>\n\t\t\t\t<\/div>\n\t\t\t\t\t<\/div>\n\t\t\t\t<\/div>\n\t\t\t\t<\/div>","protected":false},"excerpt":{"rendered":"<p>A personaliza\u00e7\u00e3o de produtos ou brindes transforma objetos comuns em experi\u00eancias \u00fanicas e memor\u00e1veis. Seja para empresas, eventos ou ocasi\u00f5es especiais, cada brinde personalizado transmite identidade, cuidado e valor. Identidade \u00e0 sua marca: crie produtos pensados ao detalhe, com cores, log\u00f3tipos e mensagens que representam o seu neg\u00f3cio. Personaliza\u00e7\u00e3o total: adapta\u00e7\u00e3o completa de cores, textos, [&hellip;]<\/p>\n","protected":false},"author":1,"featured_media":0,"parent":0,"menu_order":0,"comment_status":"closed","ping_status":"closed","template":"","meta":{"site-sidebar-layout":"no-sidebar","site-content-layout":"page-builder","ast-site-content-layout":"full-width-container","site-content-style":"default","site-sidebar-style":"default","ast-global-header-display":"","ast-banner-title-visibility":"","ast-main-header-display":"","ast-hfb-above-header-display":"","ast-hfb-below-header-display":"","ast-hfb-mobile-header-display":"","site-post-title":"","ast-breadcrumbs-content":"","ast-featured-img":"disabled","footer-sml-layout":"","ast-disable-related-posts":"","theme-transparent-header-meta":"","adv-header-id-meta":"","stick-header-meta":"","header-above-stick-meta":"","header-main-stick-meta":"","header-below-stick-meta":"","astra-migrate-meta-layouts":"set","ast-page-background-enabled":"default","ast-page-background-meta":{"desktop":{"background-color":"","background-image":"","background-repeat":"repeat","background-position":"center center","background-size":"auto","background-attachment":"scroll","background-type":"","background-media":"","overlay-type":"","overlay-color":"","overlay-opacity":"","overlay-gradient":""},"tablet":{"background-color":"","background-image":"","background-repeat":"repeat","background-position":"center center","background-size":"auto","background-attachment":"scroll","background-type":"","background-media":"","overlay-type":"","overlay-color":"","overlay-opacity":"","overlay-gradient":""},"mobile":{"background-color":"","background-image":"","background-repeat":"repeat","background-position":"center center","background-size":"auto","background-attachment":"scroll","background-type":"","background-media":"","overlay-type":"","overlay-color":"","overlay-opacity":"","overlay-gradient":""}},"ast-content-background-meta":{"desktop":{"background-color":"var(--ast-global-color-5)","background-image":"","background-repeat":"repeat","background-position":"center center","background-size":"auto","background-attachment":"scroll","background-type":"","background-media":"","overlay-type":"","overlay-color":"","overlay-opacity":"","overlay-gradient":""},"tablet":{"background-color":"var(--ast-global-color-5)","background-image":"","background-repeat":"repeat","background-position":"center center","background-size":"auto","background-attachment":"scroll","background-type":"","background-media":"","overlay-type":"","overlay-color":"","overlay-opacity":"","overlay-gradient":""},"mobile":{"background-color":"var(--ast-global-color-5)","background-image":"","background-repeat":"repeat","background-position":"center center","background-size":"auto","background-attachment":"scroll","background-type":"","background-media":"","overlay-type":"","overlay-color":"","overlay-opacity":"","overlay-gradient":""}},"footnotes":""},"class_list":["post-10005","page","type-page","status-publish","hentry"],"_links":{"self":[{"href":"https:\/\/aeaprintup.pt\/en\/wp-json\/wp\/v2\/pages\/10005","targetHints":{"allow":["GET"]}}],"collection":[{"href":"https:\/\/aeaprintup.pt\/en\/wp-json\/wp\/v2\/pages"}],"about":[{"href":"https:\/\/aeaprintup.pt\/en\/wp-json\/wp\/v2\/types\/page"}],"author":[{"embeddable":true,"href":"https:\/\/aeaprintup.pt\/en\/wp-json\/wp\/v2\/users\/1"}],"replies":[{"embeddable":true,"href":"https:\/\/aeaprintup.pt\/en\/wp-json\/wp\/v2\/comments?post=10005"}],"version-history":[{"count":0,"href":"https:\/\/aeaprintup.pt\/en\/wp-json\/wp\/v2\/pages\/10005\/revisions"}],"wp:attachment":[{"href":"https:\/\/aeaprintup.pt\/en\/wp-json\/wp\/v2\/media?parent=10005"}],"curies":[{"name":"wp","href":"https:\/\/api.w.org\/{rel}","templated":true}]}}