{"id":10899,"date":"2026-03-17T21:56:24","date_gmt":"2026-03-17T21:56:24","guid":{"rendered":"https:\/\/aeaprintup.pt\/?page_id=10899"},"modified":"2026-04-20T23:14:18","modified_gmt":"2026-04-20T23:14:18","slug":"sobre","status":"publish","type":"page","link":"https:\/\/aeaprintup.pt\/en\/sobre\/","title":{"rendered":"Sobre"},"content":{"rendered":"<div data-elementor-type=\"wp-page\" data-elementor-id=\"10899\" class=\"elementor elementor-10899\">\n\t\t\t\t<div class=\"elementor-element elementor-element-bb83a71 e-flex e-con-boxed e-con e-parent\" data-id=\"bb83a71\" data-element_type=\"container\" data-e-type=\"container\">\n\t\t\t\t\t<div class=\"e-con-inner\">\n\t\t\t\t<div class=\"elementor-element elementor-element-64dee64 elementor-widget elementor-widget-text-editor\" data-id=\"64dee64\" data-element_type=\"widget\" data-e-type=\"widget\" data-widget_type=\"text-editor.default\">\n\t\t\t\t<div class=\"elementor-widget-container\">\n\t\t\t\t\t\t\t\t\t<div style=\"text-align: justify;\"><h1 data-start=\"213\" data-end=\"296\">AM<strong data-start=\"213\" data-end=\"296\"> &amp; AG PrintUp | Impress\u00e3o 3D e Brindes Personalizados em Barcelos, Portugal<\/strong><\/h1><h2 data-start=\"325\" data-end=\"502\">AM &amp; AG PrintUp \u00e9 especialista em impress\u00e3o 3D em Barcelos, Braga e Portugal. Criamos brindes personalizados, convites de casamento e solu\u00e7\u00f5es criativas para eventos e empresas.<\/h2><h2 data-section-id=\"yvx7cw\" data-start=\"569\" data-end=\"599\">Bem-vindo \u00e0 AM &amp; AG PrintUp<\/h2><p data-start=\"601\" data-end=\"936\">A AM &amp; AG PrintUp \u00e9 uma empresa portuguesa sediada em Barcelos, especializada em impress\u00e3o 3D em Barcelos, Braga e em todo o territ\u00f3rio de Portugal, assim como na cria\u00e7\u00e3o de brindes personalizados, convites de casamento e solu\u00e7\u00f5es criativas para eventos e empresas.<\/p><p data-start=\"938\" data-end=\"1154\">Desde a nossa funda\u00e7\u00e3o, unimos tecnologia, design e experi\u00eancia para transformar ideias em pe\u00e7as \u00fanicas, funcionais e criativas, oferecendo solu\u00e7\u00f5es personalizadas que superam as expectativas dos nossos clientes.<\/p><hr data-start=\"1156\" data-end=\"1159\" \/><h2 data-section-id=\"1dbbqvf\" data-start=\"1161\" data-end=\"1180\">A Nossa Hist\u00f3ria<\/h2><p data-start=\"1182\" data-end=\"1291\">A nossa hist\u00f3ria come\u00e7ou com um objetivo simples:<br data-start=\"1231\" data-end=\"1234\" \/>tornar a inova\u00e7\u00e3o acess\u00edvel a empresas e particulares.<\/p><p data-start=\"1293\" data-end=\"1447\">Queremos permitir que qualquer ideia possa ser transformada numa realidade tang\u00edvel atrav\u00e9s da impress\u00e3o 3D profissional e personaliza\u00e7\u00e3o de produtos.<\/p><p data-start=\"1449\" data-end=\"1504\">Ao longo do tempo, consolid\u00e1mos a nossa experi\u00eancia em:<\/p><ul data-start=\"1505\" data-end=\"1676\"><li data-section-id=\"cjkxzv\" data-start=\"1505\" data-end=\"1538\">impress\u00e3o 3D de alta precis\u00e3o<\/li><li data-section-id=\"efhlfg\" data-start=\"1539\" data-end=\"1572\">desenvolvimento de prot\u00f3tipos<\/li><li data-section-id=\"1c18mkz\" data-start=\"1573\" data-end=\"1602\">cria\u00e7\u00e3o de pe\u00e7as t\u00e9cnicas<\/li><li data-section-id=\"11er69p\" data-start=\"1603\" data-end=\"1638\">produ\u00e7\u00e3o de objetos decorativos<\/li><li data-section-id=\"1n9rn26\" data-start=\"1639\" data-end=\"1676\">personaliza\u00e7\u00e3o de produtos \u00fanicos<\/li><\/ul><p data-start=\"1678\" data-end=\"1806\">Hoje, trabalhamos com clientes em Braga, Barcelos e em todo o pa\u00eds.<\/p><hr data-start=\"1808\" data-end=\"1811\" \/><h2 data-section-id=\"1p7z5z6\" data-start=\"1813\" data-end=\"1829\">O Que Fazemos<span style=\"font-size: 1.5rem; font-style: inherit;\">\u00a0<\/span><\/h2><h2 data-section-id=\"1p7z5z6\" data-start=\"1813\" data-end=\"1829\"><span style=\"font-size: 1.5rem; font-style: inherit;\">Impress\u00e3o 3D em Barcelos, Braga, Portugal<\/span><\/h2><p data-start=\"1871\" data-end=\"1960\">Somos especialistas em impress\u00e3o 3D, desenvolvendo solu\u00e7\u00f5es para:<\/p><ul data-start=\"1962\" data-end=\"2089\"><li data-section-id=\"16ae70i\" data-start=\"1962\" data-end=\"1988\">prot\u00f3tipos industriais<\/li><li data-section-id=\"5txdf1\" data-start=\"1989\" data-end=\"2018\">pe\u00e7as t\u00e9cnicas funcionais<\/li><li data-section-id=\"1dgzeu1\" data-start=\"2019\" data-end=\"2057\">objetos decorativos personalizados<\/li><li data-section-id=\"1e8v5ws\" data-start=\"2058\" data-end=\"2089\">projetos criativos \u00e0 medida<\/li><\/ul><p data-start=\"2091\" data-end=\"2179\">A impress\u00e3o 3D permite-nos criar solu\u00e7\u00f5es r\u00e1pidas, precisas e totalmente personalizadas.<\/p><hr data-start=\"2181\" data-end=\"2184\" \/><h3 data-section-id=\"1tv3x7m\" data-start=\"2186\" data-end=\"2227\">Brindes personalizados em\u00a0<span style=\"font-size: 1.5rem; font-style: inherit;\">Barcelos, Braga,\u00a0<\/span><span style=\"font-size: 1.5rem; font-style: inherit;\">Portugal<\/span><\/h3><p data-start=\"2228\" data-end=\"2331\">Criamos brindes personalizados em Portugal para empresas e eventos que querem destacar a sua marca.<\/p><p data-start=\"2333\" data-end=\"2367\">Cada produto \u00e9 pensado ao detalhe:<\/p><ul data-start=\"2368\" data-end=\"2449\"><li data-section-id=\"1y906x\" data-start=\"2368\" data-end=\"2386\">cores da marca<\/li><li data-section-id=\"7lide6\" data-start=\"2387\" data-end=\"2400\">log\u00f3tipos<\/li><li data-section-id=\"14rdzfj\" data-start=\"2401\" data-end=\"2429\">mensagens personalizadas<\/li><li data-section-id=\"lhtu0l\" data-start=\"2430\" data-end=\"2449\">formatos \u00fanicos<\/li><\/ul><p data-start=\"2451\" data-end=\"2536\">Trabalhamos diferentes materiais e t\u00e9cnicas para garantir qualidade e impacto visual.<\/p><hr data-start=\"2538\" data-end=\"2541\" \/><h3 data-section-id=\"14ub27r\" data-start=\"2543\" data-end=\"2586\">Convites de casamento personalizados<\/h3><p data-start=\"2587\" data-end=\"2665\">Desenvolvemos convites e packs de casamento criativos e personalizados bem como para outras festividades, incluindo:<\/p><ul data-start=\"2666\" data-end=\"2781\"><li data-section-id=\"1gt7tge\" data-start=\"2666\" data-end=\"2686\">design exclusivo para casamentos, anivers\u00e1rios, batizados, eventos empresariais, festas tem\u00e1ticas<\/li><li data-section-id=\"o8dx54\" data-start=\"2687\" data-end=\"2709\">convites tem\u00e1ticos<\/li><li data-section-id=\"1opifxg\" data-start=\"2710\" data-end=\"2740\"><span style=\"font-style: inherit; font-weight: inherit;\">menus<\/span><\/li><li data-section-id=\"1opifxg\" data-start=\"2710\" data-end=\"2740\"><span style=\"font-style: inherit; font-weight: inherit;\">elementos decorativos personalizados<\/span><\/li><\/ul><p data-start=\"2783\" data-end=\"2839\">Cada celebra\u00e7\u00e3o \u00e9 \u00fanica \u2014 e os convites tamb\u00e9m devem ser.<\/p><hr data-start=\"2841\" data-end=\"2844\" \/><h2 data-section-id=\"12fsn59\" data-start=\"3089\" data-end=\"3098\">Miss\u00e3o<\/h2><p data-start=\"3100\" data-end=\"3183\">A nossa miss\u00e3o \u00e9 simples:<br data-start=\"3125\" data-end=\"3128\" \/>transformar ideias em produtos reais e de qualidade.<\/p><p data-start=\"3185\" data-end=\"3265\">Atrav\u00e9s da impress\u00e3o 3D e personaliza\u00e7\u00e3o de brindes, procuramos:<\/p><ul data-start=\"3266\" data-end=\"3391\"><li data-section-id=\"tld4rf\" data-start=\"3266\" data-end=\"3291\">inspirar criatividade<\/li><li data-section-id=\"14yuu7z\" data-start=\"3292\" data-end=\"3311\">refor\u00e7ar marcas<\/li><li data-section-id=\"1qz9h28\" data-start=\"3312\" data-end=\"3341\">criar experi\u00eancias \u00fanicas<\/li><li data-section-id=\"90v03o\" data-start=\"3342\" data-end=\"3391\">desenvolver produtos personalizados com valor<\/li><\/ul><hr data-start=\"3393\" data-end=\"3396\" \/><h2 data-section-id=\"urukmt\" data-start=\"3398\" data-end=\"3408\">Valores<\/h2><p data-start=\"3410\" data-end=\"3477\">Na AM &amp; AG PrintUp trabalhamos com base em princ\u00edpios fundamentais:<\/p><h3 data-section-id=\"o9lkdr\" data-start=\"3479\" data-end=\"3496\">Inova\u00e7\u00e3o<\/h3><p data-start=\"3497\" data-end=\"3562\">Procuramos constantemente novas t\u00e9cnicas e solu\u00e7\u00f5es tecnol\u00f3gicas.<\/p><h3 data-section-id=\"1gdu901\" data-start=\"3564\" data-end=\"3582\">Qualidade<\/h3><p data-start=\"3583\" data-end=\"3655\">Cada projeto \u00e9 acompanhado com rigor, garantindo acabamentos superiores.<\/p><h3 data-section-id=\"xlf9ir\" data-start=\"3657\" data-end=\"3680\">Personaliza\u00e7\u00e3o<\/h3><p data-start=\"3681\" data-end=\"3736\">Adaptamos cada produto \u00e0s necessidades de cada cliente.<\/p><h3 data-section-id=\"189qnsy\" data-start=\"3738\" data-end=\"3758\">Compromisso<\/h3><p data-start=\"3759\" data-end=\"3813\">Com clientes, parceiros e desenvolvimento sustent\u00e1vel.<\/p><h3 data-section-id=\"1ilv7l\" data-start=\"3815\" data-end=\"3830\">Paix\u00e3o<\/h3><p data-start=\"3831\" data-end=\"3896\">Acreditamos que cada ideia merece ser concretizada com dedica\u00e7\u00e3o.<\/p><hr data-start=\"3898\" data-end=\"3901\" \/><h2 data-section-id=\"x5r2k4\" data-start=\"3903\" data-end=\"3925\">O Nosso Diferencial<\/h2><p data-start=\"3927\" data-end=\"3995\">Mais do que produzir, na AM &amp; AG PrintUp constru\u00edmos possibilidades.<\/p><ul><li>Especialistas em impress\u00e3o 3D em Barcelos<\/li><li>Produ\u00e7\u00e3o e envio para todo o pa\u00eds e Europa<\/li><li>Solu\u00e7\u00f5es criativas e personalizadas<\/li><li>Tecnologia de ponta em fabrico digital<\/li><li>Foco em qualidade, inova\u00e7\u00e3o e design<\/li><\/ul><hr data-start=\"4275\" data-end=\"4278\" \/><h2 data-section-id=\"18wzy57\" data-start=\"4280\" data-end=\"4304\">Para Quem Trabalhamos<\/h2><p data-start=\"4306\" data-end=\"4341\">Os nossos servi\u00e7os s\u00e3o ideais para:<\/p><ul data-start=\"4343\" data-end=\"4548\"><li data-section-id=\"1prf283\" data-start=\"4343\" data-end=\"4394\">empresas que precisam de brindes personalizados<\/li><li data-section-id=\"1jdr5wa\" data-start=\"4395\" data-end=\"4447\">casais \u00e0 procura de convites de casamento \u00fanicos<\/li><li data-section-id=\"40jdm9\" data-start=\"4448\" data-end=\"4476\">organizadores de eventos<\/li><li data-section-id=\"j0bqup\" data-start=\"4477\" data-end=\"4510\">marcas que querem destacar-se<\/li><li data-section-id=\"1wb76d7\" data-start=\"4511\" data-end=\"4548\">particulares com ideias criativas<\/li><\/ul><hr data-start=\"4550\" data-end=\"4553\" \/><h2 data-section-id=\"cp771z\" data-start=\"4555\" data-end=\"4570\">Onde Estamos<\/h2><p data-start=\"4572\" data-end=\"4794\">Estamos localizados em Barcelos, no norte de Portugal, e trabalhamos diariamente com clientes de toda a regi\u00e3o de Braga e arredores.<\/p><hr data-start=\"4796\" data-end=\"4799\" \/><h2 data-section-id=\"h85oci\" data-start=\"4801\" data-end=\"4813\">Conclus\u00e3o<\/h2><p data-start=\"4815\" data-end=\"4838\">Se procura solu\u00e7\u00f5es em:<\/p><ul data-start=\"4839\" data-end=\"4994\"><li data-section-id=\"vcr9gt\" data-start=\"4839\" data-end=\"4875\">impress\u00e3o 3D em Barcelos e Braga, Portugal ou Europa<\/li><li data-section-id=\"1hqtgcx\" data-start=\"4876\" data-end=\"4914\">brindes personalizados<\/li><li data-section-id=\"1hqtgcx\" data-start=\"4876\" data-end=\"4914\">convites de casamento criativos<\/li><li data-section-id=\"3ed93i\" data-start=\"4951\" data-end=\"4994\">personaliza\u00e7\u00e3o de produtos para eventos<\/li><\/ul><p data-start=\"4996\" data-end=\"5134\">A nossa equipa est\u00e1 pronta para transformar a sua vis\u00e3o em realidade, com qualidade, inova\u00e7\u00e3o e atendimento personalizado em cada projeto.<\/p><\/div>\t\t\t\t\t\t\t\t<\/div>\n\t\t\t\t<\/div>\n\t\t\t\t\t<\/div>\n\t\t\t\t<\/div>\n\t\t\t\t<\/div>","protected":false},"excerpt":{"rendered":"<p>AM &amp; AG PrintUp | Impress\u00e3o 3D e Brindes Personalizados em Barcelos, Portugal AM &amp; AG PrintUp \u00e9 especialista em impress\u00e3o 3D em Barcelos, Braga e Portugal. Criamos brindes personalizados, convites de casamento e solu\u00e7\u00f5es criativas para eventos e empresas. Bem-vindo \u00e0 AM &amp; AG PrintUp A AM &amp; AG PrintUp \u00e9 uma empresa portuguesa [&hellip;]<\/p>\n","protected":false},"author":1,"featured_media":0,"parent":0,"menu_order":0,"comment_status":"closed","ping_status":"closed","template":"","meta":{"site-sidebar-layout":"no-sidebar","site-content-layout":"page-builder","ast-site-content-layout":"full-width-container","site-content-style":"default","site-sidebar-style":"default","ast-global-header-display":"","ast-banner-title-visibility":"","ast-main-header-display":"","ast-hfb-above-header-display":"","ast-hfb-below-header-display":"","ast-hfb-mobile-header-display":"","site-post-title":"","ast-breadcrumbs-content":"","ast-featured-img":"disabled","footer-sml-layout":"","ast-disable-related-posts":"","theme-transparent-header-meta":"","adv-header-id-meta":"","stick-header-meta":"","header-above-stick-meta":"","header-main-stick-meta":"","header-below-stick-meta":"","astra-migrate-meta-layouts":"set","ast-page-background-enabled":"default","ast-page-background-meta":{"desktop":{"background-color":"","background-image":"","background-repeat":"repeat","background-position":"center center","background-size":"auto","background-attachment":"scroll","background-type":"","background-media":"","overlay-type":"","overlay-color":"","overlay-opacity":"","overlay-gradient":""},"tablet":{"background-color":"","background-image":"","background-repeat":"repeat","background-position":"center center","background-size":"auto","background-attachment":"scroll","background-type":"","background-media":"","overlay-type":"","overlay-color":"","overlay-opacity":"","overlay-gradient":""},"mobile":{"background-color":"","background-image":"","background-repeat":"repeat","background-position":"center center","background-size":"auto","background-attachment":"scroll","background-type":"","background-media":"","overlay-type":"","overlay-color":"","overlay-opacity":"","overlay-gradient":""}},"ast-content-background-meta":{"desktop":{"background-color":"var(--ast-global-color-5)","background-image":"","background-repeat":"repeat","background-position":"center center","background-size":"auto","background-attachment":"scroll","background-type":"","background-media":"","overlay-type":"","overlay-color":"","overlay-opacity":"","overlay-gradient":""},"tablet":{"background-color":"var(--ast-global-color-5)","background-image":"","background-repeat":"repeat","background-position":"center center","background-size":"auto","background-attachment":"scroll","background-type":"","background-media":"","overlay-type":"","overlay-color":"","overlay-opacity":"","overlay-gradient":""},"mobile":{"background-color":"var(--ast-global-color-5)","background-image":"","background-repeat":"repeat","background-position":"center center","background-size":"auto","background-attachment":"scroll","background-type":"","background-media":"","overlay-type":"","overlay-color":"","overlay-opacity":"","overlay-gradient":""}},"footnotes":""},"class_list":["post-10899","page","type-page","status-publish","hentry"],"_links":{"self":[{"href":"https:\/\/aeaprintup.pt\/en\/wp-json\/wp\/v2\/pages\/10899","targetHints":{"allow":["GET"]}}],"collection":[{"href":"https:\/\/aeaprintup.pt\/en\/wp-json\/wp\/v2\/pages"}],"about":[{"href":"https:\/\/aeaprintup.pt\/en\/wp-json\/wp\/v2\/types\/page"}],"author":[{"embeddable":true,"href":"https:\/\/aeaprintup.pt\/en\/wp-json\/wp\/v2\/users\/1"}],"replies":[{"embeddable":true,"href":"https:\/\/aeaprintup.pt\/en\/wp-json\/wp\/v2\/comments?post=10899"}],"version-history":[{"count":0,"href":"https:\/\/aeaprintup.pt\/en\/wp-json\/wp\/v2\/pages\/10899\/revisions"}],"wp:attachment":[{"href":"https:\/\/aeaprintup.pt\/en\/wp-json\/wp\/v2\/media?parent=10899"}],"curies":[{"name":"wp","href":"https:\/\/api.w.org\/{rel}","templated":true}]}}