{"id":8565,"date":"2025-08-28T14:50:43","date_gmt":"2025-08-28T14:50:43","guid":{"rendered":"https:\/\/aeaprintup.pt\/?page_id=8565"},"modified":"2025-11-23T21:36:31","modified_gmt":"2025-11-23T21:36:31","slug":"oseuprojeto","status":"publish","type":"page","link":"https:\/\/aeaprintup.pt\/en\/oseuprojeto\/","title":{"rendered":"O SEU PROJETO"},"content":{"rendered":"\t\t<div data-elementor-type=\"wp-page\" data-elementor-id=\"8565\" class=\"elementor elementor-8565\">\n\t\t\t\t<div class=\"elementor-element elementor-element-5d51f87d e-flex e-con-boxed e-con e-parent\" data-id=\"5d51f87d\" data-element_type=\"container\" data-e-type=\"container\">\n\t\t\t\t\t<div class=\"e-con-inner\">\n\t\t\t\t<div class=\"elementor-element elementor-element-4320ae28 elementor-widget elementor-widget-text-editor\" data-id=\"4320ae28\" data-element_type=\"widget\" data-e-type=\"widget\" data-widget_type=\"text-editor.default\">\n\t\t\t\t<div class=\"elementor-widget-container\">\n\t\t\t\t\t\t\t\t\t\n<div class=\"wp-block-media-text is-stacked-on-mobile\"><figure class=\"wp-block-media-text__media\"><\/figure><div class=\"wp-block-media-text__content\">\n<p><\/p>\n<\/div><\/div>\n\t\t\t\t\t\t\t\t<\/div>\n\t\t\t\t<\/div>\n\t\t\t\t\t<\/div>\n\t\t\t\t<\/div>\n\t\t<div class=\"elementor-element elementor-element-d403097 e-flex e-con-boxed e-con e-parent\" data-id=\"d403097\" data-element_type=\"container\" data-e-type=\"container\">\n\t\t\t\t\t<div class=\"e-con-inner\">\n\t\t<div class=\"elementor-element elementor-element-2b2faf7 e-con-full e-flex e-con e-child\" data-id=\"2b2faf7\" data-element_type=\"container\" data-e-type=\"container\">\n\t\t\t\t<div class=\"elementor-element elementor-element-1b3d3cb elementor-widget elementor-widget-image\" data-id=\"1b3d3cb\" data-element_type=\"widget\" data-e-type=\"widget\" data-widget_type=\"image.default\">\n\t\t\t\t<div class=\"elementor-widget-container\">\n\t\t\t\t\t\t\t\t\t\t\t\t\t\t\t<img fetchpriority=\"high\" decoding=\"async\" width=\"1024\" height=\"683\" src=\"https:\/\/aeaprintup.pt\/wp-content\/uploads\/2025\/08\/Copilot_20250828_193632-1024x683.png\" class=\"attachment-large size-large wp-image-8603\" alt=\"O seu projeto\" srcset=\"https:\/\/aeaprintup.pt\/wp-content\/uploads\/2025\/08\/Copilot_20250828_193632-1024x683.png 1024w, https:\/\/aeaprintup.pt\/wp-content\/uploads\/2025\/08\/Copilot_20250828_193632-500x333.png 500w, https:\/\/aeaprintup.pt\/wp-content\/uploads\/2025\/08\/Copilot_20250828_193632-300x200.png 300w, https:\/\/aeaprintup.pt\/wp-content\/uploads\/2025\/08\/Copilot_20250828_193632-768x512.png 768w, https:\/\/aeaprintup.pt\/wp-content\/uploads\/2025\/08\/Copilot_20250828_193632.png 1536w\" sizes=\"(max-width: 1024px) 100vw, 1024px\" \/>\t\t\t\t\t\t\t\t\t\t\t\t\t\t\t<\/div>\n\t\t\t\t<\/div>\n\t\t\t\t<div class=\"elementor-element elementor-element-a75a9b5 elementor-widget elementor-widget-image\" data-id=\"a75a9b5\" data-element_type=\"widget\" data-e-type=\"widget\" data-widget_type=\"image.default\">\n\t\t\t\t<div class=\"elementor-widget-container\">\n\t\t\t\t\t\t\t\t\t\t\t\t\t\t\t<img decoding=\"async\" width=\"1024\" height=\"683\" src=\"https:\/\/aeaprintup.pt\/wp-content\/uploads\/2025\/11\/18382867-f4d8-472c-a435-60762f98a0dc-1024x683.png\" class=\"attachment-large size-large wp-image-9190\" alt=\"\" srcset=\"https:\/\/aeaprintup.pt\/wp-content\/uploads\/2025\/11\/18382867-f4d8-472c-a435-60762f98a0dc-1024x683.png 1024w, https:\/\/aeaprintup.pt\/wp-content\/uploads\/2025\/11\/18382867-f4d8-472c-a435-60762f98a0dc-500x333.png 500w, https:\/\/aeaprintup.pt\/wp-content\/uploads\/2025\/11\/18382867-f4d8-472c-a435-60762f98a0dc-300x200.png 300w, https:\/\/aeaprintup.pt\/wp-content\/uploads\/2025\/11\/18382867-f4d8-472c-a435-60762f98a0dc-768x512.png 768w, https:\/\/aeaprintup.pt\/wp-content\/uploads\/2025\/11\/18382867-f4d8-472c-a435-60762f98a0dc.png 1536w\" sizes=\"(max-width: 1024px) 100vw, 1024px\" \/>\t\t\t\t\t\t\t\t\t\t\t\t\t\t\t<\/div>\n\t\t\t\t<\/div>\n\t\t\t\t<\/div>\n\t\t<div class=\"elementor-element elementor-element-e50d968 e-con-full e-flex e-con e-child\" data-id=\"e50d968\" data-element_type=\"container\" data-e-type=\"container\">\n\t\t<div class=\"elementor-element elementor-element-8748880 e-con-full e-flex e-con e-child\" data-id=\"8748880\" data-element_type=\"container\" data-e-type=\"container\">\n\t\t\t\t<div class=\"elementor-element elementor-element-7d39365 elementor-widget elementor-widget-heading\" data-id=\"7d39365\" data-element_type=\"widget\" data-e-type=\"widget\" data-widget_type=\"heading.default\">\n\t\t\t\t<div class=\"elementor-widget-container\">\n\t\t\t\t\t<p class=\"elementor-heading-title elementor-size-default\">Envie-nos o seu projeto e n\u00f3s imprimimos. Para isso, basta enviar o seu ficheiros nos formatos STL, DWG ou OBJ. Ap\u00f3s recebermos o seu projeto, entraremos em contacto com o or\u00e7amento e detalhes para o imprimir.<\/p>\t\t\t\t<\/div>\n\t\t\t\t<\/div>\n\t\t\t\t<\/div>\n\t\t\t\t<div class=\"elementor-element elementor-element-bc9cf9e elementor-widget elementor-widget-wpforms\" data-id=\"bc9cf9e\" data-element_type=\"widget\" data-e-type=\"widget\" data-widget_type=\"wpforms.default\">\n\t\t\t\t<div class=\"elementor-widget-container\">\n\t\t\t\t\t<div class=\"wpforms-container \" id=\"wpforms-9269\"><form id=\"wpforms-form-9269\" class=\"wpforms-validate wpforms-form wpforms-ajax-form\" data-formid=\"9269\" method=\"post\" enctype=\"multipart\/form-data\" action=\"\/en\/wp-json\/wp\/v2\/pages\/8565\" data-token=\"69d29aaa885aa5854cfa2b2bdd5911b4\" data-token-time=\"1778152458\"><noscript class=\"wpforms-error-noscript\">Please enable JavaScript in your browser to complete this form.<\/noscript><div class=\"wpforms-field-container\"><div id=\"wpforms-9269-field_1-container\" class=\"wpforms-field wpforms-field-name\" data-field-id=\"1\"><label class=\"wpforms-field-label\" for=\"wpforms-9269-field_1\">Nome <span class=\"wpforms-required-label\">*<\/span><\/label><input type=\"text\" id=\"wpforms-9269-field_1\" class=\"wpforms-field-medium wpforms-field-required\" name=\"wpforms[fields][1]\" required><\/div><div id=\"wpforms-9269-field_2-container\" class=\"wpforms-field wpforms-field-email\" data-field-id=\"2\"><label class=\"wpforms-field-label\" for=\"wpforms-9269-field_2\">Email <span class=\"wpforms-required-label\">*<\/span><\/label><input type=\"email\" id=\"wpforms-9269-field_2\" class=\"wpforms-field-medium wpforms-field-required\" name=\"wpforms[fields][2]\" spellcheck=\"false\" required><\/div><div id=\"wpforms-9269-field_3-container\" class=\"wpforms-field wpforms-field-textarea\" data-field-id=\"3\"><label class=\"wpforms-field-label\" for=\"wpforms-9269-field_3\">Coment\u00e1rio ou mensagem<\/label><textarea id=\"wpforms-9269-field_3\" class=\"wpforms-field-medium\" name=\"wpforms[fields][3]\" ><\/textarea><\/div>\t\t<div id=\"wpforms-9269-field_4-container\"\n\t\t\tclass=\"wpforms-field wpforms-field-text\"\n\t\t\tdata-field-type=\"text\"\n\t\t\tdata-field-id=\"4\"\n\t\t\t>\n\t\t\t<label class=\"wpforms-field-label\" for=\"wpforms-9269-field_4\" >mensagem Coment\u00e1rio Enviar<\/label>\n\t\t\t<input type=\"text\" id=\"wpforms-9269-field_4\" class=\"wpforms-field-medium\" name=\"wpforms[fields][4]\" >\n\t\t<\/div>\n\t\t<div id=\"wpforms-9269-field_5-container\" class=\"wpforms-field wpforms-field-file\" data-field-id=\"5\"><label class=\"wpforms-field-label\" for=\"wpforms-9269-field_5\">Enviar ficheiro <span class=\"wpforms-required-label\">*<\/span><\/label><input type=\"file\" id=\"wpforms-9269-field_5\" class=\"wpforms-field-medium wpforms-field-required\" name=\"wpforms[fields][5]\" required><\/div><script>\n\t\t\t\t( function() {\n\t\t\t\t\tconst style = document.createElement( 'style' );\n\t\t\t\t\tstyle.appendChild( document.createTextNode( '#wpforms-9269-field_4-container { position: absolute !important; overflow: hidden !important; display: inline !important; height: 1px !important; width: 1px !important; z-index: -1000 !important; padding: 0 !important; } #wpforms-9269-field_4-container input { visibility: hidden; } #wpforms-conversational-form-page #wpforms-9269-field_4-container label { counter-increment: none; }' ) );\n\t\t\t\t\tdocument.head.appendChild( style );\n\t\t\t\t\tdocument.currentScript?.remove();\n\t\t\t\t} )();\n\t\t\t<\/script><\/div><!-- .wpforms-field-container --><div class=\"wpforms-submit-container\" ><input type=\"hidden\" name=\"wpforms[id]\" value=\"9269\"><input type=\"hidden\" name=\"page_title\" value=\"\"><input type=\"hidden\" name=\"page_url\" value=\"https:\/\/aeaprintup.pt\/en\/wp-json\/wp\/v2\/pages\/8565\"><input type=\"hidden\" name=\"url_referer\" value=\"\"><button type=\"submit\" name=\"wpforms[submit]\" id=\"wpforms-submit-9269\" class=\"wpforms-submit\" data-alt-text=\"A enviar...\" data-submit-text=\"Submeter\" aria-live=\"assertive\" value=\"wpforms-submit\">Submeter<\/button><img decoding=\"async\" src=\"https:\/\/aeaprintup.pt\/wp-content\/plugins\/wpforms-lite\/assets\/images\/submit-spin.svg\" class=\"wpforms-submit-spinner\" style=\"display: none;\" width=\"26\" height=\"26\" alt=\"Loading\"><\/div><\/form><\/div>  <!-- .wpforms-container -->\t\t\t\t<\/div>\n\t\t\t\t<\/div>\n\t\t\t\t<\/div>\n\t\t\t\t\t<\/div>\n\t\t\t\t<\/div>\n\t\t\t\t<\/div>\n\t\t","protected":false},"excerpt":{"rendered":"<p>Envie-nos o seu projeto e n\u00f3s imprimimos. Para isso, basta enviar o seu ficheiros nos formatos STL, DWG ou OBJ. Ap\u00f3s recebermos o seu projeto, entraremos em contacto com o or\u00e7amento e detalhes para o imprimir. Please enable JavaScript in your browser to complete this form.Nome *Email *Coment\u00e1rio ou mensagemEnviar ficheiro * Submeter<\/p>","protected":false},"author":1,"featured_media":0,"parent":0,"menu_order":0,"comment_status":"closed","ping_status":"closed","template":"","meta":{"site-sidebar-layout":"default","site-content-layout":"","ast-site-content-layout":"default","site-content-style":"default","site-sidebar-style":"default","ast-global-header-display":"","ast-banner-title-visibility":"","ast-main-header-display":"","ast-hfb-above-header-display":"","ast-hfb-below-header-display":"","ast-hfb-mobile-header-display":"","site-post-title":"","ast-breadcrumbs-content":"","ast-featured-img":"","footer-sml-layout":"","ast-disable-related-posts":"","theme-transparent-header-meta":"","adv-header-id-meta":"","stick-header-meta":"","header-above-stick-meta":"","header-main-stick-meta":"","header-below-stick-meta":"","astra-migrate-meta-layouts":"set","ast-page-background-enabled":"default","ast-page-background-meta":{"desktop":{"background-color":"","background-image":"","background-repeat":"repeat","background-position":"center center","background-size":"auto","background-attachment":"scroll","background-type":"","background-media":"","overlay-type":"","overlay-color":"","overlay-opacity":"","overlay-gradient":""},"tablet":{"background-color":"","background-image":"","background-repeat":"repeat","background-position":"center center","background-size":"auto","background-attachment":"scroll","background-type":"","background-media":"","overlay-type":"","overlay-color":"","overlay-opacity":"","overlay-gradient":""},"mobile":{"background-color":"","background-image":"","background-repeat":"repeat","background-position":"center center","background-size":"auto","background-attachment":"scroll","background-type":"","background-media":"","overlay-type":"","overlay-color":"","overlay-opacity":"","overlay-gradient":""}},"ast-content-background-meta":{"desktop":{"background-color":"var(--ast-global-color-5)","background-image":"","background-repeat":"repeat","background-position":"center center","background-size":"auto","background-attachment":"scroll","background-type":"","background-media":"","overlay-type":"","overlay-color":"","overlay-opacity":"","overlay-gradient":""},"tablet":{"background-color":"var(--ast-global-color-5)","background-image":"","background-repeat":"repeat","background-position":"center center","background-size":"auto","background-attachment":"scroll","background-type":"","background-media":"","overlay-type":"","overlay-color":"","overlay-opacity":"","overlay-gradient":""},"mobile":{"background-color":"var(--ast-global-color-5)","background-image":"","background-repeat":"repeat","background-position":"center center","background-size":"auto","background-attachment":"scroll","background-type":"","background-media":"","overlay-type":"","overlay-color":"","overlay-opacity":"","overlay-gradient":""}},"footnotes":""},"class_list":["post-8565","page","type-page","status-publish","hentry"],"_links":{"self":[{"href":"https:\/\/aeaprintup.pt\/en\/wp-json\/wp\/v2\/pages\/8565","targetHints":{"allow":["GET"]}}],"collection":[{"href":"https:\/\/aeaprintup.pt\/en\/wp-json\/wp\/v2\/pages"}],"about":[{"href":"https:\/\/aeaprintup.pt\/en\/wp-json\/wp\/v2\/types\/page"}],"author":[{"embeddable":true,"href":"https:\/\/aeaprintup.pt\/en\/wp-json\/wp\/v2\/users\/1"}],"replies":[{"embeddable":true,"href":"https:\/\/aeaprintup.pt\/en\/wp-json\/wp\/v2\/comments?post=8565"}],"version-history":[{"count":0,"href":"https:\/\/aeaprintup.pt\/en\/wp-json\/wp\/v2\/pages\/8565\/revisions"}],"wp:attachment":[{"href":"https:\/\/aeaprintup.pt\/en\/wp-json\/wp\/v2\/media?parent=8565"}],"curies":[{"name":"wp","href":"https:\/\/api.w.org\/{rel}","templated":true}]}}