{"id":8582,"date":"2025-08-28T15:53:29","date_gmt":"2025-08-28T15:53:29","guid":{"rendered":"https:\/\/aeaprintup.pt\/?page_id=8582"},"modified":"2025-11-23T21:10:50","modified_gmt":"2025-11-23T21:10:50","slug":"a-sua-ideia","status":"publish","type":"page","link":"https:\/\/aeaprintup.pt\/en\/a-sua-ideia\/","title":{"rendered":"A SUA IDEIA"},"content":{"rendered":"\t\t<div data-elementor-type=\"wp-page\" data-elementor-id=\"8582\" class=\"elementor elementor-8582\">\n\t\t\t\t<div class=\"elementor-element elementor-element-1521bbd e-flex e-con-boxed e-con e-parent\" data-id=\"1521bbd\" data-element_type=\"container\" data-e-type=\"container\">\n\t\t\t\t\t<div class=\"e-con-inner\">\n\t\t\t\t\t<\/div>\n\t\t\t\t<\/div>\n\t\t<div class=\"elementor-element elementor-element-620d4de e-flex e-con-boxed e-con e-parent\" data-id=\"620d4de\" data-element_type=\"container\" data-e-type=\"container\">\n\t\t\t\t\t<div class=\"e-con-inner\">\n\t\t<div class=\"elementor-element elementor-element-68073ab e-con-full e-flex e-con e-child\" data-id=\"68073ab\" data-element_type=\"container\" data-e-type=\"container\">\n\t\t\t\t<div class=\"elementor-element elementor-element-96c1081 elementor-widget elementor-widget-image\" data-id=\"96c1081\" data-element_type=\"widget\" data-e-type=\"widget\" data-widget_type=\"image.default\">\n\t\t\t\t<div class=\"elementor-widget-container\">\n\t\t\t\t\t\t\t\t\t\t\t\t\t\t\t<img fetchpriority=\"high\" decoding=\"async\" width=\"1024\" height=\"683\" src=\"https:\/\/aeaprintup.pt\/wp-content\/uploads\/2025\/08\/Copilot_20250828_190527-1024x683.png\" class=\"attachment-large size-large wp-image-8597\" alt=\"copilot 20250828 190527\" srcset=\"https:\/\/aeaprintup.pt\/wp-content\/uploads\/2025\/08\/Copilot_20250828_190527-1024x683.png 1024w, https:\/\/aeaprintup.pt\/wp-content\/uploads\/2025\/08\/Copilot_20250828_190527-500x333.png 500w, https:\/\/aeaprintup.pt\/wp-content\/uploads\/2025\/08\/Copilot_20250828_190527-300x200.png 300w, https:\/\/aeaprintup.pt\/wp-content\/uploads\/2025\/08\/Copilot_20250828_190527-768x512.png 768w, https:\/\/aeaprintup.pt\/wp-content\/uploads\/2025\/08\/Copilot_20250828_190527.png 1536w\" sizes=\"(max-width: 1024px) 100vw, 1024px\" \/>\t\t\t\t\t\t\t\t\t\t\t\t\t\t\t<\/div>\n\t\t\t\t<\/div>\n\t\t<div class=\"elementor-element elementor-element-70f5a02 e-con-full e-flex e-con e-child\" data-id=\"70f5a02\" data-element_type=\"container\" data-e-type=\"container\">\n\t\t\t\t<div class=\"elementor-element elementor-element-19ff658 elementor-widget elementor-widget-image\" data-id=\"19ff658\" data-element_type=\"widget\" data-e-type=\"widget\" data-widget_type=\"image.default\">\n\t\t\t\t<div class=\"elementor-widget-container\">\n\t\t\t\t\t\t\t\t\t\t\t\t\t\t\t<img decoding=\"async\" width=\"1024\" height=\"643\" src=\"https:\/\/aeaprintup.pt\/wp-content\/uploads\/2025\/11\/Desenho-5-2-1024x643.jpg\" class=\"attachment-large size-large wp-image-9197\" alt=\"\" srcset=\"https:\/\/aeaprintup.pt\/wp-content\/uploads\/2025\/11\/Desenho-5-2-1024x643.jpg 1024w, https:\/\/aeaprintup.pt\/wp-content\/uploads\/2025\/11\/Desenho-5-2-500x314.jpg 500w, https:\/\/aeaprintup.pt\/wp-content\/uploads\/2025\/11\/Desenho-5-2-300x188.jpg 300w, https:\/\/aeaprintup.pt\/wp-content\/uploads\/2025\/11\/Desenho-5-2-768x482.jpg 768w, https:\/\/aeaprintup.pt\/wp-content\/uploads\/2025\/11\/Desenho-5-2-1536x964.jpg 1536w, https:\/\/aeaprintup.pt\/wp-content\/uploads\/2025\/11\/Desenho-5-2.jpg 1620w\" sizes=\"(max-width: 1024px) 100vw, 1024px\" \/>\t\t\t\t\t\t\t\t\t\t\t\t\t\t\t<\/div>\n\t\t\t\t<\/div>\n\t\t\t\t<div class=\"elementor-element elementor-element-52c680a elementor-widget elementor-widget-image\" data-id=\"52c680a\" data-element_type=\"widget\" data-e-type=\"widget\" data-widget_type=\"image.default\">\n\t\t\t\t<div class=\"elementor-widget-container\">\n\t\t\t\t\t\t\t\t\t\t\t\t\t\t\t<img decoding=\"async\" width=\"1024\" height=\"683\" src=\"https:\/\/aeaprintup.pt\/wp-content\/uploads\/2025\/11\/Copilot_20251119_211404-1024x683.png\" class=\"attachment-large size-large wp-image-9196\" alt=\"\" srcset=\"https:\/\/aeaprintup.pt\/wp-content\/uploads\/2025\/11\/Copilot_20251119_211404-1024x683.png 1024w, https:\/\/aeaprintup.pt\/wp-content\/uploads\/2025\/11\/Copilot_20251119_211404-500x333.png 500w, https:\/\/aeaprintup.pt\/wp-content\/uploads\/2025\/11\/Copilot_20251119_211404-300x200.png 300w, https:\/\/aeaprintup.pt\/wp-content\/uploads\/2025\/11\/Copilot_20251119_211404-768x512.png 768w, https:\/\/aeaprintup.pt\/wp-content\/uploads\/2025\/11\/Copilot_20251119_211404.png 1536w\" sizes=\"(max-width: 1024px) 100vw, 1024px\" \/>\t\t\t\t\t\t\t\t\t\t\t\t\t\t\t<\/div>\n\t\t\t\t<\/div>\n\t\t\t\t<\/div>\n\t\t\t\t<\/div>\n\t\t<div class=\"elementor-element elementor-element-b45ca36 e-con-full e-flex e-con e-child\" data-id=\"b45ca36\" data-element_type=\"container\" data-e-type=\"container\">\n\t\t\t\t<div class=\"elementor-element elementor-element-02d7ea1 elementor-widget elementor-widget-text-editor\" data-id=\"02d7ea1\" data-element_type=\"widget\" data-e-type=\"widget\" data-widget_type=\"text-editor.default\">\n\t\t\t\t<div class=\"elementor-widget-container\">\n\t\t\t\t\t\t\t\t\t<p>Envie-nos a sua ideia ou desenho, e n\u00f3s transformamos em produtos personalizados! Pode anexar imagens ou simplesmente descrever o seu projeto. Ap\u00f3s recebermos a sua ideia, entraremos em contacto com or\u00e7amento e detalhes para criar o seu produto.<\/p>\t\t\t\t\t\t\t\t<\/div>\n\t\t\t\t<\/div>\n\t\t\t\t<div class=\"elementor-element elementor-element-df741d9 elementor-widget elementor-widget-wpforms\" data-id=\"df741d9\" data-element_type=\"widget\" data-e-type=\"widget\" data-widget_type=\"wpforms.default\">\n\t\t\t\t<div class=\"elementor-widget-container\">\n\t\t\t\t\t<div class=\"wpforms-container \" id=\"wpforms-9263\"><form id=\"wpforms-form-9263\" class=\"wpforms-validate wpforms-form wpforms-ajax-form\" data-formid=\"9263\" method=\"post\" enctype=\"multipart\/form-data\" action=\"\/en\/wp-json\/wp\/v2\/pages\/8582\" data-token=\"235e12983018ccefaac724bd9d9f1ac9\" data-token-time=\"1778323475\"><noscript class=\"wpforms-error-noscript\">Please enable JavaScript in your browser to complete this form.<\/noscript><div class=\"wpforms-field-container\">\t\t<div id=\"wpforms-9263-field_4-container\"\n\t\t\tclass=\"wpforms-field wpforms-field-text\"\n\t\t\tdata-field-type=\"text\"\n\t\t\tdata-field-id=\"4\"\n\t\t\t>\n\t\t\t<label class=\"wpforms-field-label\" for=\"wpforms-9263-field_4\" >mensagem Coment\u00e1rio ou<\/label>\n\t\t\t<input type=\"text\" id=\"wpforms-9263-field_4\" class=\"wpforms-field-medium\" name=\"wpforms[fields][4]\" >\n\t\t<\/div>\n\t\t<div id=\"wpforms-9263-field_1-container\" class=\"wpforms-field wpforms-field-name\" data-field-id=\"1\"><label class=\"wpforms-field-label\" for=\"wpforms-9263-field_1\">Nome <span class=\"wpforms-required-label\">*<\/span><\/label><input type=\"text\" id=\"wpforms-9263-field_1\" class=\"wpforms-field-medium wpforms-field-required\" name=\"wpforms[fields][1]\" required><\/div><div id=\"wpforms-9263-field_2-container\" class=\"wpforms-field wpforms-field-email\" data-field-id=\"2\"><label class=\"wpforms-field-label\" for=\"wpforms-9263-field_2\">Email <span class=\"wpforms-required-label\">*<\/span><\/label><input type=\"email\" id=\"wpforms-9263-field_2\" class=\"wpforms-field-medium wpforms-field-required\" name=\"wpforms[fields][2]\" spellcheck=\"false\" required><\/div><div id=\"wpforms-9263-field_3-container\" class=\"wpforms-field wpforms-field-textarea\" data-field-id=\"3\"><label class=\"wpforms-field-label\" for=\"wpforms-9263-field_3\">Coment\u00e1rio ou mensagem <span class=\"wpforms-required-label\">*<\/span><\/label><textarea id=\"wpforms-9263-field_3\" class=\"wpforms-field-medium wpforms-field-required\" name=\"wpforms[fields][3]\" required><\/textarea><\/div><div id=\"wpforms-9263-field_5-container\" class=\"wpforms-field wpforms-field-file\" data-field-id=\"5\"><label class=\"wpforms-field-label\" for=\"wpforms-9263-field_5\">Enviar ficheiro<\/label><input type=\"file\" id=\"wpforms-9263-field_5\" class=\"wpforms-field-medium\" name=\"wpforms[fields][5]\" ><\/div><script>\n\t\t\t\t( function() {\n\t\t\t\t\tconst style = document.createElement( 'style' );\n\t\t\t\t\tstyle.appendChild( document.createTextNode( '#wpforms-9263-field_4-container { position: absolute !important; overflow: hidden !important; display: inline !important; height: 1px !important; width: 1px !important; z-index: -1000 !important; padding: 0 !important; } #wpforms-9263-field_4-container input { visibility: hidden; } #wpforms-conversational-form-page #wpforms-9263-field_4-container label { counter-increment: none; }' ) );\n\t\t\t\t\tdocument.head.appendChild( style );\n\t\t\t\t\tdocument.currentScript?.remove();\n\t\t\t\t} )();\n\t\t\t<\/script><\/div><!-- .wpforms-field-container --><div class=\"wpforms-submit-container\" ><input type=\"hidden\" name=\"wpforms[id]\" value=\"9263\"><input type=\"hidden\" name=\"page_title\" value=\"\"><input type=\"hidden\" name=\"page_url\" value=\"https:\/\/aeaprintup.pt\/en\/wp-json\/wp\/v2\/pages\/8582\"><input type=\"hidden\" name=\"url_referer\" value=\"\"><button type=\"submit\" name=\"wpforms[submit]\" id=\"wpforms-submit-9263\" class=\"wpforms-submit\" data-alt-text=\"A enviar...\" data-submit-text=\"Submeter\" aria-live=\"assertive\" value=\"wpforms-submit\">Submeter<\/button><img loading=\"lazy\" decoding=\"async\" src=\"https:\/\/aeaprintup.pt\/wp-content\/plugins\/wpforms-lite\/assets\/images\/submit-spin.svg\" class=\"wpforms-submit-spinner\" style=\"display: none;\" width=\"26\" height=\"26\" alt=\"Loading\"><\/div><\/form><\/div>  <!-- .wpforms-container -->\t\t\t\t<\/div>\n\t\t\t\t<\/div>\n\t\t\t\t<\/div>\n\t\t\t\t\t<\/div>\n\t\t\t\t<\/div>\n\t\t\t\t<\/div>\n\t\t","protected":false},"excerpt":{"rendered":"<p>Envie-nos a sua ideia ou desenho, e n\u00f3s transformamos em produtos personalizados! Pode anexar imagens ou simplesmente descrever o seu projeto. Ap\u00f3s recebermos a sua ideia, entraremos em contacto com or\u00e7amento e detalhes para criar o seu produto. Please enable JavaScript in your browser to complete this form.Nome *Email *Coment\u00e1rio ou mensagem *Enviar ficheiro Submeter<\/p>","protected":false},"author":1,"featured_media":0,"parent":0,"menu_order":0,"comment_status":"closed","ping_status":"closed","template":"","meta":{"site-sidebar-layout":"default","site-content-layout":"","ast-site-content-layout":"default","site-content-style":"default","site-sidebar-style":"default","ast-global-header-display":"","ast-banner-title-visibility":"","ast-main-header-display":"","ast-hfb-above-header-display":"","ast-hfb-below-header-display":"","ast-hfb-mobile-header-display":"","site-post-title":"","ast-breadcrumbs-content":"","ast-featured-img":"","footer-sml-layout":"","ast-disable-related-posts":"","theme-transparent-header-meta":"","adv-header-id-meta":"","stick-header-meta":"","header-above-stick-meta":"","header-main-stick-meta":"","header-below-stick-meta":"","astra-migrate-meta-layouts":"set","ast-page-background-enabled":"default","ast-page-background-meta":{"desktop":{"background-color":"","background-image":"","background-repeat":"repeat","background-position":"center center","background-size":"auto","background-attachment":"scroll","background-type":"","background-media":"","overlay-type":"","overlay-color":"","overlay-opacity":"","overlay-gradient":""},"tablet":{"background-color":"","background-image":"","background-repeat":"repeat","background-position":"center center","background-size":"auto","background-attachment":"scroll","background-type":"","background-media":"","overlay-type":"","overlay-color":"","overlay-opacity":"","overlay-gradient":""},"mobile":{"background-color":"","background-image":"","background-repeat":"repeat","background-position":"center center","background-size":"auto","background-attachment":"scroll","background-type":"","background-media":"","overlay-type":"","overlay-color":"","overlay-opacity":"","overlay-gradient":""}},"ast-content-background-meta":{"desktop":{"background-color":"var(--ast-global-color-5)","background-image":"","background-repeat":"repeat","background-position":"center center","background-size":"auto","background-attachment":"scroll","background-type":"","background-media":"","overlay-type":"","overlay-color":"","overlay-opacity":"","overlay-gradient":""},"tablet":{"background-color":"var(--ast-global-color-5)","background-image":"","background-repeat":"repeat","background-position":"center center","background-size":"auto","background-attachment":"scroll","background-type":"","background-media":"","overlay-type":"","overlay-color":"","overlay-opacity":"","overlay-gradient":""},"mobile":{"background-color":"var(--ast-global-color-5)","background-image":"","background-repeat":"repeat","background-position":"center center","background-size":"auto","background-attachment":"scroll","background-type":"","background-media":"","overlay-type":"","overlay-color":"","overlay-opacity":"","overlay-gradient":""}},"footnotes":""},"class_list":["post-8582","page","type-page","status-publish","hentry"],"_links":{"self":[{"href":"https:\/\/aeaprintup.pt\/en\/wp-json\/wp\/v2\/pages\/8582","targetHints":{"allow":["GET"]}}],"collection":[{"href":"https:\/\/aeaprintup.pt\/en\/wp-json\/wp\/v2\/pages"}],"about":[{"href":"https:\/\/aeaprintup.pt\/en\/wp-json\/wp\/v2\/types\/page"}],"author":[{"embeddable":true,"href":"https:\/\/aeaprintup.pt\/en\/wp-json\/wp\/v2\/users\/1"}],"replies":[{"embeddable":true,"href":"https:\/\/aeaprintup.pt\/en\/wp-json\/wp\/v2\/comments?post=8582"}],"version-history":[{"count":0,"href":"https:\/\/aeaprintup.pt\/en\/wp-json\/wp\/v2\/pages\/8582\/revisions"}],"wp:attachment":[{"href":"https:\/\/aeaprintup.pt\/en\/wp-json\/wp\/v2\/media?parent=8582"}],"curies":[{"name":"wp","href":"https:\/\/api.w.org\/{rel}","templated":true}]}}