{"id":95,"date":"2025-07-20T23:27:13","date_gmt":"2025-07-20T23:27:13","guid":{"rendered":"https:\/\/aeaprintup.pt\/index.php\/home-2\/"},"modified":"2026-04-29T17:33:46","modified_gmt":"2026-04-29T17:33:46","slug":"home-2","status":"publish","type":"page","link":"https:\/\/aeaprintup.pt\/en\/","title":{"rendered":"Home"},"content":{"rendered":"<div data-elementor-type=\"wp-page\" data-elementor-id=\"95\" class=\"elementor elementor-95\">\n\t\t\t\t<div class=\"elementor-element elementor-element-5118c6f e-flex e-con-boxed e-con e-parent\" data-id=\"5118c6f\" data-element_type=\"container\" data-e-type=\"container\">\n\t\t\t\t\t<div class=\"e-con-inner\">\n\t\t\t\t<div class=\"elementor-element elementor-element-46cce1d elementor-widget elementor-widget-heading\" data-id=\"46cce1d\" data-element_type=\"widget\" data-e-type=\"widget\" data-widget_type=\"heading.default\">\n\t\t\t\t<div class=\"elementor-widget-container\">\n\t\t\t\t\t<h1 class=\"elementor-heading-title elementor-size-default\">Impress\u00e3o 3D | Brindes Personalizados | AM &amp; AG PrintUp<\/h1>\t\t\t\t<\/div>\n\t\t\t\t<\/div>\n\t\t\t\t\t<\/div>\n\t\t\t\t<\/div>\n\t\t<div class=\"elementor-element elementor-element-3849851 e-flex e-con-boxed e-con e-parent\" data-id=\"3849851\" data-element_type=\"container\" data-e-type=\"container\" data-settings=\"{&quot;background_background&quot;:&quot;classic&quot;}\">\n\t\t\t\t\t<div class=\"e-con-inner\">\n\t\t<div class=\"elementor-element elementor-element-28c5393 e-con-full e-flex e-con e-child\" data-id=\"28c5393\" data-element_type=\"container\" data-e-type=\"container\">\n\t\t\t\t<div class=\"elementor-element elementor-element-429782a elementor-widget elementor-widget-image\" data-id=\"429782a\" data-element_type=\"widget\" data-e-type=\"widget\" data-widget_type=\"image.default\">\n\t\t\t\t<div class=\"elementor-widget-container\">\n\t\t\t\t\t\t\t\t\t\t\t\t\t\t\t<img fetchpriority=\"high\" decoding=\"async\" width=\"1032\" height=\"668\" src=\"https:\/\/aeaprintup.pt\/wp-content\/uploads\/2026\/01\/Copilot_20260101_195155-Copy.png\" class=\"attachment-full size-full wp-image-10079\" alt=\"\" srcset=\"https:\/\/aeaprintup.pt\/wp-content\/uploads\/2026\/01\/Copilot_20260101_195155-Copy.png 1032w, https:\/\/aeaprintup.pt\/wp-content\/uploads\/2026\/01\/Copilot_20260101_195155-Copy-300x194.png 300w, https:\/\/aeaprintup.pt\/wp-content\/uploads\/2026\/01\/Copilot_20260101_195155-Copy-1024x663.png 1024w, https:\/\/aeaprintup.pt\/wp-content\/uploads\/2026\/01\/Copilot_20260101_195155-Copy-768x497.png 768w, https:\/\/aeaprintup.pt\/wp-content\/uploads\/2026\/01\/Copilot_20260101_195155-Copy-500x324.png 500w\" sizes=\"(max-width: 1032px) 100vw, 1032px\" \/>\t\t\t\t\t\t\t\t\t\t\t\t\t\t\t<\/div>\n\t\t\t\t<\/div>\n\t\t\t\t<\/div>\n\t\t<div class=\"elementor-element elementor-element-2b8fc88 e-con-full e-flex e-con e-child\" data-id=\"2b8fc88\" data-element_type=\"container\" data-e-type=\"container\">\n\t\t\t\t<div class=\"elementor-element elementor-element-0ec2ede elementor-widget elementor-widget-text-editor\" data-id=\"0ec2ede\" data-element_type=\"widget\" data-e-type=\"widget\" data-widget_type=\"text-editor.default\">\n\t\t\t\t<div class=\"elementor-widget-container\">\n\t\t\t\t\t\t\t\t\t<div style=\"text-align: justify;\"><p data-start=\"109\" data-end=\"332\">Descubra solu\u00e7\u00f5es inovadoras em impress\u00e3o 3D e personaliza\u00e7\u00e3o de brinde<strong>s<\/strong>. Na AM &amp; AG PrintUp, ajudamos empresas e particulares a criar pe\u00e7as \u00fanicas e produtos personalizados que unem qualidade, design e funcionalidade.<\/p><p data-start=\"334\" data-end=\"542\">Trabalhamos com diversos materiais e t\u00e9cnicas, adaptando cada projeto \u00e0s suas necessidades para resultados exclusivos e memor\u00e1veis.<\/p><p data-start=\"544\" data-end=\"688\">Explore os nossos produtos ou contacte-nos para desenvolver uma solu\u00e7\u00e3o totalmente \u00e0 sua medida. Com a AM &amp; AG PrintUp, a criatividade n\u00e3o tem limites.<\/p><\/div>\t\t\t\t\t\t\t\t<\/div>\n\t\t\t\t<\/div>\n\t\t\t\t<\/div>\n\t\t\t\t\t<\/div>\n\t\t\t\t<\/div>\n\t\t<div class=\"elementor-element elementor-element-7962bbc e-grid e-con-full e-con e-parent\" data-id=\"7962bbc\" data-element_type=\"container\" data-e-type=\"container\" data-settings=\"{&quot;background_background&quot;:&quot;gradient&quot;,&quot;shape_divider_top&quot;:&quot;opacity-tilt&quot;}\">\n\t\t\t\t<div class=\"elementor-shape elementor-shape-top\" aria-hidden=\"true\" data-negative=\"false\">\n\t\t\t<svg xmlns=\"http:\/\/www.w3.org\/2000\/svg\" viewbox=\"0 0 2600 131.1\" preserveaspectratio=\"none\">\n\t<path class=\"elementor-shape-fill\" d=\"M0 0L2600 0 2600 69.1 0 0z\"\/>\n\t<path class=\"elementor-shape-fill\" style=\"opacity:0.5\" d=\"M0 0L2600 0 2600 69.1 0 69.1z\"\/>\n\t<path class=\"elementor-shape-fill\" style=\"opacity:0.25\" d=\"M2600 0L0 0 0 130.1 2600 69.1z\"\/>\n<\/svg>\t\t<\/div>\n\t\t\t\t<\/div>\n\t\t<div class=\"elementor-element elementor-element-1081b2c e-grid e-con-boxed e-con e-parent\" data-id=\"1081b2c\" data-element_type=\"container\" data-e-type=\"container\" data-settings=\"{&quot;background_background&quot;:&quot;classic&quot;}\">\n\t\t\t\t\t<div class=\"e-con-inner\">\n\t\t\t\t<div class=\"elementor-element elementor-element-17d3767 elementor-position-top elementor-widget elementor-widget-image-box\" data-id=\"17d3767\" data-element_type=\"widget\" data-e-type=\"widget\" data-widget_type=\"image-box.default\">\n\t\t\t\t<div class=\"elementor-widget-container\">\n\t\t\t\t\t<div class=\"elementor-image-box-wrapper\"><figure class=\"elementor-image-box-img\"><a href=\"https:\/\/aeaprintup.pt\/en\/impressao3d\/\" tabindex=\"-1\"><img decoding=\"async\" width=\"1024\" height=\"1024\" src=\"https:\/\/aeaprintup.pt\/wp-content\/uploads\/2025\/12\/Copilot_20251230_231419.png\" class=\"attachment-full size-full wp-image-10034\" alt=\"\" srcset=\"https:\/\/aeaprintup.pt\/wp-content\/uploads\/2025\/12\/Copilot_20251230_231419.png 1024w, https:\/\/aeaprintup.pt\/wp-content\/uploads\/2025\/12\/Copilot_20251230_231419-300x300.png 300w, https:\/\/aeaprintup.pt\/wp-content\/uploads\/2025\/12\/Copilot_20251230_231419-150x150.png 150w, https:\/\/aeaprintup.pt\/wp-content\/uploads\/2025\/12\/Copilot_20251230_231419-768x768.png 768w, https:\/\/aeaprintup.pt\/wp-content\/uploads\/2025\/12\/Copilot_20251230_231419-500x500.png 500w, https:\/\/aeaprintup.pt\/wp-content\/uploads\/2025\/12\/Copilot_20251230_231419-100x100.png 100w\" sizes=\"(max-width: 1024px) 100vw, 1024px\" \/><\/a><\/figure><div class=\"elementor-image-box-content\"><p class=\"elementor-image-box-description\">Do projeto ao objeto: clique para imprimir em 3D<\/p><\/div><\/div>\t\t\t\t<\/div>\n\t\t\t\t<\/div>\n\t\t\t\t<div class=\"elementor-element elementor-element-47490c9 elementor-position-top elementor-widget elementor-widget-image-box\" data-id=\"47490c9\" data-element_type=\"widget\" data-e-type=\"widget\" data-widget_type=\"image-box.default\">\n\t\t\t\t<div class=\"elementor-widget-container\">\n\t\t\t\t\t<div class=\"elementor-image-box-wrapper\"><figure class=\"elementor-image-box-img\"><a href=\"https:\/\/aeaprintup.pt\/en\/product-category\/personalizacao\/?v=1cff84373b84\" tabindex=\"-1\"><img decoding=\"async\" width=\"1024\" height=\"1024\" src=\"https:\/\/aeaprintup.pt\/wp-content\/uploads\/2025\/12\/Copilot_20251230_231627.png\" class=\"attachment-full size-full wp-image-10035\" alt=\"\" srcset=\"https:\/\/aeaprintup.pt\/wp-content\/uploads\/2025\/12\/Copilot_20251230_231627.png 1024w, https:\/\/aeaprintup.pt\/wp-content\/uploads\/2025\/12\/Copilot_20251230_231627-300x300.png 300w, https:\/\/aeaprintup.pt\/wp-content\/uploads\/2025\/12\/Copilot_20251230_231627-150x150.png 150w, https:\/\/aeaprintup.pt\/wp-content\/uploads\/2025\/12\/Copilot_20251230_231627-768x768.png 768w, https:\/\/aeaprintup.pt\/wp-content\/uploads\/2025\/12\/Copilot_20251230_231627-500x500.png 500w, https:\/\/aeaprintup.pt\/wp-content\/uploads\/2025\/12\/Copilot_20251230_231627-100x100.png 100w\" sizes=\"(max-width: 1024px) 100vw, 1024px\" \/><\/a><\/figure><div class=\"elementor-image-box-content\"><p class=\"elementor-image-box-description\">Crie produtos \u00fanicos \u2014 clique para personalizar<\/p><\/div><\/div>\t\t\t\t<\/div>\n\t\t\t\t<\/div>\n\t\t\t\t<div class=\"elementor-element elementor-element-0ead595 elementor-position-top elementor-widget elementor-widget-image-box\" data-id=\"0ead595\" data-element_type=\"widget\" data-e-type=\"widget\" data-widget_type=\"image-box.default\">\n\t\t\t\t<div class=\"elementor-widget-container\">\n\t\t\t\t\t<div class=\"elementor-image-box-wrapper\"><figure class=\"elementor-image-box-img\"><a href=\"https:\/\/aeaprintup.pt\/en\/produtos\/?v=1cff84373b84\" tabindex=\"-1\"><img loading=\"lazy\" decoding=\"async\" width=\"558\" height=\"611\" src=\"https:\/\/aeaprintup.pt\/wp-content\/uploads\/2026\/01\/Copilot_20260102_201809.png\" class=\"attachment-full size-full wp-image-10420\" alt=\"\" srcset=\"https:\/\/aeaprintup.pt\/wp-content\/uploads\/2026\/01\/Copilot_20260102_201809.png 558w, https:\/\/aeaprintup.pt\/wp-content\/uploads\/2026\/01\/Copilot_20260102_201809-274x300.png 274w, https:\/\/aeaprintup.pt\/wp-content\/uploads\/2026\/01\/Copilot_20260102_201809-500x547.png 500w\" sizes=\"(max-width: 558px) 100vw, 558px\" \/><\/a><\/figure><div class=\"elementor-image-box-content\"><p class=\"elementor-image-box-description\">Visite a nossa loja!<\/p><\/div><\/div>\t\t\t\t<\/div>\n\t\t\t\t<\/div>\n\t\t\t\t\t<\/div>\n\t\t\t\t<\/div>\n\t\t<div class=\"elementor-element elementor-element-275acf6 e-flex e-con-boxed e-con e-parent\" data-id=\"275acf6\" data-element_type=\"container\" data-e-type=\"container\">\n\t\t\t\t\t<div class=\"e-con-inner\">\n\t\t\t\t<div class=\"elementor-element elementor-element-5e4c30a hfe-content-align-left elementor-widget elementor-widget-hfe-woo-product-grid\" data-id=\"5e4c30a\" data-element_type=\"widget\" data-e-type=\"widget\" data-settings=\"{&quot;columns&quot;:&quot;4&quot;,&quot;columns_tablet&quot;:&quot;3&quot;,&quot;columns_mobile&quot;:&quot;1&quot;,&quot;content_alignment&quot;:&quot;left&quot;}\" data-widget_type=\"hfe-woo-product-grid.default\">\n\t\t\t\t<div class=\"elementor-widget-container\">\n\t\t\t\t\t\t\t<div class=\"hfe-woo-products-wrapper\">\n\t\t\t<div class=\"hfe-woo-products-grid\">\n\t\t\t\t\t\t<div class=\"hfe-product-item\">\n\t\t\t\t\t\t\t<div class=\"hfe-product-image\">\n\t\t\t\t\t<a href=\"https:\/\/aeaprintup.pt\/en\/product\/porta-chaves-palavras-sobrepostas-personalizavel-3d\/\">\n\t\t\t\t\t\t<img loading=\"lazy\" decoding=\"async\" width=\"300\" height=\"300\" src=\"https:\/\/aeaprintup.pt\/wp-content\/uploads\/2025\/12\/porta-chaves-varias-linhas-vermelho-300x300.png\" class=\"attachment-woocommerce_thumbnail size-woocommerce_thumbnail\" alt=\"Porta-Chaves Palavras Sobrepostas 3D\" \/>\t\t\t\t\t<\/a>\n\t\t\t\t<\/div>\n\t\t\t\n\t\t\t<div class=\"hfe-product-content\">\n\t\t\t\t\t\t\t\t\t<div class=\"hfe-product-category\">\n\t\t\t\t\t\t3D, Porta-chaves\t\t\t\t\t<\/div>\n\t\t\t\t\n\t\t\t\t\t\t\t\t\t<div class=\"hfe-product-title\">\n\t\t\t\t\t\t<a href=\"https:\/\/aeaprintup.pt\/en\/product\/porta-chaves-palavras-sobrepostas-personalizavel-3d\/\" class=\"hfe-loop-product__link\">\n\t\t\t\t\t\t\t<h2 class=\"woocommerce-loop-product__title\">Porta-Chaves Palavras Sobrepostas 3D<\/h2>\t\t\t\t\t\t<\/a>\n\t\t\t\t\t<\/div>\n\t\t\t\t\n\t\t\t\t\n\t\t\t\t\n\t\t\t\t\n\t\t\t\t\t\t\t\t\t<div class=\"hfe-product-add-to-cart\">\n\t\t\t\t\t\t<a href=\"https:\/\/aeaprintup.pt\/en\/product\/porta-chaves-palavras-sobrepostas-personalizavel-3d\/\" aria-describedby=\"woocommerce_loop_add_to_cart_link_describedby_9914\" data-quantity=\"1\" class=\"button product_type_variable add_to_cart_button\" data-product_id=\"9914\" data-product_sku=\"P0026\" aria-label=\"Select options for \u201cPorta-Chaves Palavras Sobrepostas 3D\u201d\" rel=\"nofollow\" data-no-translation-aria-label=\"\">Select Options<\/a>\t<span id=\"woocommerce_loop_add_to_cart_link_describedby_9914\" class=\"screen-reader-text\">\n\t\tThis product has multiple variants. The options may be chosen on the product page\t<\/span>\n\t\t\t\t\t<\/div>\n\t\t\t\t\t\t\t<\/div>\n\t\t<\/div>\n\t\t\t\t<div class=\"hfe-product-item\">\n\t\t\t\t\t\t\t<div class=\"hfe-product-image\">\n\t\t\t\t\t<a href=\"https:\/\/aeaprintup.pt\/en\/product\/convite-de-casamento-digital-editavel-azul-alianca\/\">\n\t\t\t\t\t\t<img loading=\"lazy\" decoding=\"async\" width=\"300\" height=\"300\" src=\"https:\/\/aeaprintup.pt\/wp-content\/uploads\/2026\/03\/amb-09-300x300.png\" class=\"attachment-woocommerce_thumbnail size-woocommerce_thumbnail\" alt=\"Convite de Casamento Digital Edit\u00e1vel Azul Alian\u00e7a\" \/>\t\t\t\t\t<\/a>\n\t\t\t\t<\/div>\n\t\t\t\n\t\t\t<div class=\"hfe-product-content\">\n\t\t\t\t\t\t\t\t\t<div class=\"hfe-product-category\">\n\t\t\t\t\t\tDigital\t\t\t\t\t<\/div>\n\t\t\t\t\n\t\t\t\t\t\t\t\t\t<div class=\"hfe-product-title\">\n\t\t\t\t\t\t<a href=\"https:\/\/aeaprintup.pt\/en\/product\/convite-de-casamento-digital-editavel-azul-alianca\/\" class=\"hfe-loop-product__link\">\n\t\t\t\t\t\t\t<h2 class=\"woocommerce-loop-product__title\">Convite de Casamento Digital Edit\u00e1vel Azul Alian\u00e7a<\/h2>\t\t\t\t\t\t<\/a>\n\t\t\t\t\t<\/div>\n\t\t\t\t\n\t\t\t\t\n\t\t\t\t\n\t\t\t\t\n\t\t\t\t\t\t\t\t\t<div class=\"hfe-product-add-to-cart\">\n\t\t\t\t\t\t<a href=\"\/en\/wp-json\/wp\/v2\/pages\/95?add-to-cart=11046\" aria-describedby=\"woocommerce_loop_add_to_cart_link_describedby_11046\" data-quantity=\"1\" class=\"button product_type_simple add_to_cart_button ajax_add_to_cart\" data-product_id=\"11046\" data-product_sku=\"WEIN09\" aria-label=\"Add to basket: \u201cConvite de Casamento Digital Edit\u00e1vel Azul Alian\u00e7a\u201d\" rel=\"nofollow\" data-success_message=\"\u201cConvite de Casamento Digital Edit\u00e1vel Azul Alian\u00e7a\u201d has been added to your basket\" role=\"button\" data-no-translation=\"\" data-trp-gettext=\"\" data-no-translation-aria-label=\"\" data-no-translation-data-success_message=\"\">Add to basket<\/a>\t<span id=\"woocommerce_loop_add_to_cart_link_describedby_11046\" class=\"screen-reader-text\">\n\t\t\t<\/span>\n\t\t\t\t\t<\/div>\n\t\t\t\t\t\t\t<\/div>\n\t\t<\/div>\n\t\t\t\t<div class=\"hfe-product-item\">\n\t\t\t\t\t\t\t<div class=\"hfe-product-image\">\n\t\t\t\t\t<a href=\"https:\/\/aeaprintup.pt\/en\/product\/pulseira-com-coracao-pingente\/\">\n\t\t\t\t\t\t<img loading=\"lazy\" decoding=\"async\" width=\"300\" height=\"300\" src=\"https:\/\/aeaprintup.pt\/wp-content\/uploads\/2026\/02\/pulseira-coracao-300x300.png\" class=\"attachment-woocommerce_thumbnail size-woocommerce_thumbnail\" alt=\"Pulseira com Cora\u00e7\u00e3o Pingente\" \/>\t\t\t\t\t<\/a>\n\t\t\t\t<\/div>\n\t\t\t\n\t\t\t<div class=\"hfe-product-content\">\n\t\t\t\t\t\t\t\t\t<div class=\"hfe-product-category\">\n\t\t\t\t\t\t3D, Bijutaria\t\t\t\t\t<\/div>\n\t\t\t\t\n\t\t\t\t\t\t\t\t\t<div class=\"hfe-product-title\">\n\t\t\t\t\t\t<a href=\"https:\/\/aeaprintup.pt\/en\/product\/pulseira-com-coracao-pingente\/\" class=\"hfe-loop-product__link\">\n\t\t\t\t\t\t\t<h2 class=\"woocommerce-loop-product__title\">Pulseira com Cora\u00e7\u00e3o Pingente<\/h2>\t\t\t\t\t\t<\/a>\n\t\t\t\t\t<\/div>\n\t\t\t\t\n\t\t\t\t\n\t\t\t\t\n\t\t\t\t\n\t\t\t\t\t\t\t\t\t<div class=\"hfe-product-add-to-cart\">\n\t\t\t\t\t\t<a href=\"\/en\/wp-json\/wp\/v2\/pages\/95?add-to-cart=10659\" aria-describedby=\"woocommerce_loop_add_to_cart_link_describedby_10659\" data-quantity=\"1\" class=\"button product_type_simple add_to_cart_button ajax_add_to_cart\" data-product_id=\"10659\" data-product_sku=\"P0032\" aria-label=\"Add to basket: \u201cPulseira com Cora\u00e7\u00e3o Pingente\u201d\" rel=\"nofollow\" data-success_message=\"\u201cPulseira com Cora\u00e7\u00e3o Pingente\u201d has been added to your basket\" role=\"button\" data-no-translation=\"\" data-trp-gettext=\"\" data-no-translation-aria-label=\"\" data-no-translation-data-success_message=\"\">Add to basket<\/a>\t<span id=\"woocommerce_loop_add_to_cart_link_describedby_10659\" class=\"screen-reader-text\">\n\t\t\t<\/span>\n\t\t\t\t\t<\/div>\n\t\t\t\t\t\t\t<\/div>\n\t\t<\/div>\n\t\t\t\t<div class=\"hfe-product-item\">\n\t\t\t\t\t\t\t<div class=\"hfe-product-image\">\n\t\t\t\t\t<a href=\"https:\/\/aeaprintup.pt\/en\/product\/modelo-de-convite-de-casamento-floral-editavel\/\">\n\t\t\t\t\t\t<img loading=\"lazy\" decoding=\"async\" width=\"300\" height=\"300\" src=\"https:\/\/aeaprintup.pt\/wp-content\/uploads\/2026\/03\/wedding-invite-cj-300x300.png\" class=\"attachment-woocommerce_thumbnail size-woocommerce_thumbnail\" alt=\"Modelo de convite de Casamento floral edit\u00e1vel\" \/>\t\t\t\t\t<\/a>\n\t\t\t\t<\/div>\n\t\t\t\n\t\t\t<div class=\"hfe-product-content\">\n\t\t\t\t\t\t\t\t\t<div class=\"hfe-product-category\">\n\t\t\t\t\t\tDigital\t\t\t\t\t<\/div>\n\t\t\t\t\n\t\t\t\t\t\t\t\t\t<div class=\"hfe-product-title\">\n\t\t\t\t\t\t<a href=\"https:\/\/aeaprintup.pt\/en\/product\/modelo-de-convite-de-casamento-floral-editavel\/\" class=\"hfe-loop-product__link\">\n\t\t\t\t\t\t\t<h2 class=\"woocommerce-loop-product__title\">Modelo de convite de Casamento floral edit\u00e1vel<\/h2>\t\t\t\t\t\t<\/a>\n\t\t\t\t\t<\/div>\n\t\t\t\t\n\t\t\t\t\n\t\t\t\t\n\t\t\t\t\n\t\t\t\t\t\t\t\t\t<div class=\"hfe-product-add-to-cart\">\n\t\t\t\t\t\t<a href=\"\/en\/wp-json\/wp\/v2\/pages\/95?add-to-cart=10996\" aria-describedby=\"woocommerce_loop_add_to_cart_link_describedby_10996\" data-quantity=\"1\" class=\"button product_type_simple add_to_cart_button ajax_add_to_cart\" data-product_id=\"10996\" data-product_sku=\"WEIN02\" aria-label=\"Add to basket: \u201cModelo de convite de Casamento floral edit\u00e1vel\u201d\" rel=\"nofollow\" data-success_message=\"\u201cModelo de convite de Casamento floral edit\u00e1vel\u201d has been added to your basket\" role=\"button\" data-no-translation=\"\" data-trp-gettext=\"\" data-no-translation-aria-label=\"\" data-no-translation-data-success_message=\"\">Add to basket<\/a>\t<span id=\"woocommerce_loop_add_to_cart_link_describedby_10996\" class=\"screen-reader-text\">\n\t\t\t<\/span>\n\t\t\t\t\t<\/div>\n\t\t\t\t\t\t\t<\/div>\n\t\t<\/div>\n\t\t\t\t\t<\/div>\n\t\t<\/div>\n\t\t\t\t\t\t<\/div>\n\t\t\t\t<\/div>\n\t\t\t\t\t<\/div>\n\t\t\t\t<\/div>\n\t\t\t\t<\/div>","protected":false},"excerpt":{"rendered":"<p>Impress\u00e3o 3D | Brindes Personalizados | AM &amp; AG PrintUp Descubra solu\u00e7\u00f5es inovadoras em impress\u00e3o 3D e personaliza\u00e7\u00e3o de brindes. Na AM &amp; AG PrintUp, ajudamos empresas e particulares a criar pe\u00e7as \u00fanicas e produtos personalizados que unem qualidade, design e funcionalidade. Trabalhamos com diversos materiais e t\u00e9cnicas, adaptando cada projeto \u00e0s suas necessidades para [&hellip;]<\/p>\n","protected":false},"author":1,"featured_media":8453,"parent":0,"menu_order":0,"comment_status":"closed","ping_status":"closed","template":"","meta":{"site-sidebar-layout":"no-sidebar","site-content-layout":"page-builder","ast-site-content-layout":"full-width-container","site-content-style":"unboxed","site-sidebar-style":"unboxed","ast-global-header-display":"","ast-banner-title-visibility":"","ast-main-header-display":"","ast-hfb-above-header-display":"","ast-hfb-below-header-display":"","ast-hfb-mobile-header-display":"","site-post-title":"disabled","ast-breadcrumbs-content":"","ast-featured-img":"disabled","footer-sml-layout":"","ast-disable-related-posts":"","theme-transparent-header-meta":"default","adv-header-id-meta":"","stick-header-meta":"","header-above-stick-meta":"","header-main-stick-meta":"","header-below-stick-meta":"","astra-migrate-meta-layouts":"set","ast-page-background-enabled":"default","ast-page-background-meta":{"desktop":{"background-color":"","background-image":"","background-repeat":"repeat","background-position":"center center","background-size":"auto","background-attachment":"scroll","background-type":"","background-media":"","overlay-type":"","overlay-color":"","overlay-opacity":"","overlay-gradient":""},"tablet":{"background-color":"","background-image":"","background-repeat":"repeat","background-position":"center center","background-size":"auto","background-attachment":"scroll","background-type":"","background-media":"","overlay-type":"","overlay-color":"","overlay-opacity":"","overlay-gradient":""},"mobile":{"background-color":"","background-image":"","background-repeat":"repeat","background-position":"center center","background-size":"auto","background-attachment":"scroll","background-type":"","background-media":"","overlay-type":"","overlay-color":"","overlay-opacity":"","overlay-gradient":""}},"ast-content-background-meta":{"desktop":{"background-color":"var(--ast-global-color-5)","background-image":"","background-repeat":"repeat","background-position":"center center","background-size":"auto","background-attachment":"scroll","background-type":"","background-media":"","overlay-type":"","overlay-color":"","overlay-opacity":"","overlay-gradient":""},"tablet":{"background-color":"var(--ast-global-color-5)","background-image":"","background-repeat":"repeat","background-position":"center center","background-size":"auto","background-attachment":"scroll","background-type":"","background-media":"","overlay-type":"","overlay-color":"","overlay-opacity":"","overlay-gradient":""},"mobile":{"background-color":"var(--ast-global-color-5)","background-image":"","background-repeat":"repeat","background-position":"center center","background-size":"auto","background-attachment":"scroll","background-type":"","background-media":"","overlay-type":"","overlay-color":"","overlay-opacity":"","overlay-gradient":""}},"footnotes":""},"class_list":["post-95","page","type-page","status-publish","has-post-thumbnail","hentry","desktop-align-center","tablet-align-center","mobile-align-center"],"_links":{"self":[{"href":"https:\/\/aeaprintup.pt\/en\/wp-json\/wp\/v2\/pages\/95","targetHints":{"allow":["GET"]}}],"collection":[{"href":"https:\/\/aeaprintup.pt\/en\/wp-json\/wp\/v2\/pages"}],"about":[{"href":"https:\/\/aeaprintup.pt\/en\/wp-json\/wp\/v2\/types\/page"}],"author":[{"embeddable":true,"href":"https:\/\/aeaprintup.pt\/en\/wp-json\/wp\/v2\/users\/1"}],"replies":[{"embeddable":true,"href":"https:\/\/aeaprintup.pt\/en\/wp-json\/wp\/v2\/comments?post=95"}],"version-history":[{"count":0,"href":"https:\/\/aeaprintup.pt\/en\/wp-json\/wp\/v2\/pages\/95\/revisions"}],"wp:featuredmedia":[{"embeddable":true,"href":"https:\/\/aeaprintup.pt\/en\/wp-json\/wp\/v2\/media\/8453"}],"wp:attachment":[{"href":"https:\/\/aeaprintup.pt\/en\/wp-json\/wp\/v2\/media?parent=95"}],"curies":[{"name":"wp","href":"https:\/\/api.w.org\/{rel}","templated":true}]}}