{"id":10113,"date":"2026-01-02T20:40:40","date_gmt":"2026-01-02T20:40:40","guid":{"rendered":"https:\/\/aeaprintup.pt\/?post_type=product&#038;p=10113"},"modified":"2026-05-02T18:55:05","modified_gmt":"2026-05-02T18:55:05","slug":"porta-chaves-cao","status":"publish","type":"product","link":"https:\/\/aeaprintup.pt\/en\/product\/porta-chaves-cao\/","title":{"rendered":"Porta-Chaves C\u00e3o"},"content":{"rendered":"<p>Crie um porta-chaves \u00fanico em formato de c\u00e3o 2D, ideal para quem procura um acess\u00f3rio personalizado, criativo e funcional. O design em silhueta de c\u00e3o \u00e9 perfeito para amantes de animais, podendo representar diferentes ra\u00e7as ou estilos, ou at\u00e9 ser adaptado a outro formato conforme a sua ideia. Uma op\u00e7\u00e3o original para uso di\u00e1rio, lembran\u00e7as especiais ou presentes personalizados.<\/p>\n<p><strong>Caracter\u00edsticas do Produto<\/strong><\/p>\n<p>Totalmente personaliz\u00e1vel: escolha o formato de c\u00e3o apresentado ou submeta outro design que transformaremos em 2D<\/p>\n<p>Produzido em impress\u00e3o 3D com bom n\u00edvel de detalhe<\/p>\n<p>Material resistente, leve e duradouro Inclui argola met\u00e1lica para chaves<\/p>\n<p><strong>Personaliza\u00e7\u00e3o<\/strong><\/p>\n<p>Escolha a cor desejada Caso pretenda um formato diferente (ou outra silhueta), envie o ficheiro durante a compra.<\/p>\n<p><strong>Ideal para<\/strong>: presentes personalizados, lembran\u00e7as criativas, amantes de c\u00e3es, brindes personalizados, eventos, datas especiais ou uso pessoal.<\/p>\n<p><strong>Observa\u00e7\u00f5es Importantes<\/strong><\/p>\n<p>Por se tratar de um produto personalizado e produzido sob encomenda, n\u00e3o s\u00e3o aceites devolu\u00e7\u00f5es por mudan\u00e7a de ideia.<\/p>\n<p>As cores e formato final podem apresentar ligeiras varia\u00e7\u00f5es devido \u00e0s configura\u00e7\u00f5es do ecr\u00e3 e ao processo de impress\u00e3o 3D.<\/p>","protected":false},"excerpt":{"rendered":"<p>Porta-chaves 2D em formato de c\u00e3o, produzido em impress\u00e3o 3D e personaliz\u00e1vel em cor e design. Ideal para presentes \u00fanicos e amantes de animais.<\/p>","protected":false},"featured_media":10136,"comment_status":"open","ping_status":"closed","template":"","meta":{"site-sidebar-layout":"default","site-content-layout":"","ast-site-content-layout":"default","site-content-style":"default","site-sidebar-style":"default","ast-global-header-display":"","ast-banner-title-visibility":"","ast-main-header-display":"","ast-hfb-above-header-display":"","ast-hfb-below-header-display":"","ast-hfb-mobile-header-display":"","site-post-title":"","ast-breadcrumbs-content":"","ast-featured-img":"","footer-sml-layout":"","ast-disable-related-posts":"","theme-transparent-header-meta":"default","adv-header-id-meta":"","stick-header-meta":"","header-above-stick-meta":"","header-main-stick-meta":"","header-below-stick-meta":"","astra-migrate-meta-layouts":"set","ast-page-background-enabled":"default","ast-page-background-meta":{"desktop":{"background-color":"","background-image":"","background-repeat":"repeat","background-position":"center center","background-size":"auto","background-attachment":"scroll","background-type":"","background-media":"","overlay-type":"","overlay-color":"","overlay-opacity":"","overlay-gradient":""},"tablet":{"background-color":"","background-image":"","background-repeat":"repeat","background-position":"center center","background-size":"auto","background-attachment":"scroll","background-type":"","background-media":"","overlay-type":"","overlay-color":"","overlay-opacity":"","overlay-gradient":""},"mobile":{"background-color":"","background-image":"","background-repeat":"repeat","background-position":"center center","background-size":"auto","background-attachment":"scroll","background-type":"","background-media":"","overlay-type":"","overlay-color":"","overlay-opacity":"","overlay-gradient":""}},"ast-content-background-meta":{"desktop":{"background-color":"var(--ast-global-color-5)","background-image":"","background-repeat":"repeat","background-position":"center center","background-size":"auto","background-attachment":"scroll","background-type":"","background-media":"","overlay-type":"","overlay-color":"","overlay-opacity":"","overlay-gradient":""},"tablet":{"background-color":"var(--ast-global-color-5)","background-image":"","background-repeat":"repeat","background-position":"center center","background-size":"auto","background-attachment":"scroll","background-type":"","background-media":"","overlay-type":"","overlay-color":"","overlay-opacity":"","overlay-gradient":""},"mobile":{"background-color":"var(--ast-global-color-5)","background-image":"","background-repeat":"repeat","background-position":"center center","background-size":"auto","background-attachment":"scroll","background-type":"","background-media":"","overlay-type":"","overlay-color":"","overlay-opacity":"","overlay-gradient":""}}},"product_brand":[41],"product_cat":[98,38,91],"product_tag":[93,44,57],"class_list":{"0":"post-10113","1":"product","2":"type-product","3":"status-publish","4":"has-post-thumbnail","6":"product_brand-amag-printup","7":"product_cat-3d","8":"product_cat-animais","9":"product_cat-porta-chaves","10":"product_tag-3d","11":"product_tag-personalizado","12":"product_tag-presente","13":"product_shipping_class-pacotes-em-envelope-almofadado-ou-semelhante","14":"desktop-align-center","15":"tablet-align-center","16":"mobile-align-center","18":"first","19":"instock","20":"shipping-taxable","21":"purchasable","22":"product-type-variable"},"_links":{"self":[{"href":"https:\/\/aeaprintup.pt\/en\/wp-json\/wp\/v2\/product\/10113","targetHints":{"allow":["GET"]}}],"collection":[{"href":"https:\/\/aeaprintup.pt\/en\/wp-json\/wp\/v2\/product"}],"about":[{"href":"https:\/\/aeaprintup.pt\/en\/wp-json\/wp\/v2\/types\/product"}],"replies":[{"embeddable":true,"href":"https:\/\/aeaprintup.pt\/en\/wp-json\/wp\/v2\/comments?post=10113"}],"version-history":[{"count":0,"href":"https:\/\/aeaprintup.pt\/en\/wp-json\/wp\/v2\/product\/10113\/revisions"}],"wp:featuredmedia":[{"embeddable":true,"href":"https:\/\/aeaprintup.pt\/en\/wp-json\/wp\/v2\/media\/10136"}],"wp:attachment":[{"href":"https:\/\/aeaprintup.pt\/en\/wp-json\/wp\/v2\/media?parent=10113"}],"wp:term":[{"taxonomy":"product_brand","embeddable":true,"href":"https:\/\/aeaprintup.pt\/en\/wp-json\/wp\/v2\/product_brand?post=10113"},{"taxonomy":"product_cat","embeddable":true,"href":"https:\/\/aeaprintup.pt\/en\/wp-json\/wp\/v2\/product_cat?post=10113"},{"taxonomy":"product_tag","embeddable":true,"href":"https:\/\/aeaprintup.pt\/en\/wp-json\/wp\/v2\/product_tag?post=10113"}],"curies":[{"name":"wp","href":"https:\/\/api.w.org\/{rel}","templated":true}]}}