{"id":10589,"date":"2026-02-01T20:12:37","date_gmt":"2026-02-01T20:12:37","guid":{"rendered":"https:\/\/aeaprintup.pt\/?post_type=product&#038;p=10589"},"modified":"2026-04-24T20:42:20","modified_gmt":"2026-04-24T20:42:20","slug":"fio-com-coracao-vermelho","status":"publish","type":"product","link":"https:\/\/aeaprintup.pt\/en\/product\/fio-com-coracao-vermelho\/","title":{"rendered":"Fio com Cora\u00e7\u00e3o Vermelho"},"content":{"rendered":"<p>Descubra o fio perfeito para oferecer ou usar com significado. Este modelo apresenta um delicado cora\u00e7\u00e3o vermelho em destaque, sobre um cord\u00e3o preto ajust\u00e1vel, tornando-o ideal para o Dia de S\u00e3o Valentim ou qualquer ocasi\u00e3o especial.<\/p>\n<p><strong>Caracter\u00edsticas:<\/strong><br \/>\nCord\u00e3o preto resistente e confort\u00e1vel<br \/>\nDetalhe em cora\u00e7\u00e3o vermelho<br \/>\nPersonaliza\u00e7\u00e3o dispon\u00edvel (texto ou palavra)<br \/>\nAjust\u00e1vel para todos os tamanhos<br \/>\nComprimento: 30 cm (aprox.)<br \/>\nEmbalada em caixa de j\u00f3ias preta<\/p>\n<p><strong>Como Personalizar:<\/strong><br \/>\nAdicione as iniciai\/palavras\/datas no campo de personaliza\u00e7\u00e3o ao finalizar a compra.<\/p>\n<p><strong>Observa\u00e7\u00f5es Importantes:<\/strong><br \/>\nPor se tratar de um produto personalizado e fabricado sob encomenda, n\u00e3o aceitamos devolu\u00e7\u00f5es por mudan\u00e7a de ideias.<br \/>\nAs cores e o tamanho final podem variar ligeiramente devido \u00e0s configura\u00e7\u00f5es do monitor e \u00e0s caracter\u00edsticas do processo de fabrica\u00e7\u00e3o em impress\u00e3o 3D.<\/p>","protected":false},"excerpt":{"rendered":"<p>Surpreenda no <strong data-start=\"257\" data-end=\"280\">Dia de S\u00e3o Valentim<\/strong> com esta pulseira ajust\u00e1vel de cord\u00e3o preto, decorada com um cora\u00e7\u00e3o vermelho. Embalada numa caixa de j\u00f3ias preta, pronta para oferecer!<\/p>","protected":false},"featured_media":10640,"comment_status":"open","ping_status":"closed","template":"","meta":{"site-sidebar-layout":"default","site-content-layout":"","ast-site-content-layout":"default","site-content-style":"default","site-sidebar-style":"default","ast-global-header-display":"","ast-banner-title-visibility":"","ast-main-header-display":"","ast-hfb-above-header-display":"","ast-hfb-below-header-display":"","ast-hfb-mobile-header-display":"","site-post-title":"","ast-breadcrumbs-content":"","ast-featured-img":"","footer-sml-layout":"","ast-disable-related-posts":"","theme-transparent-header-meta":"default","adv-header-id-meta":"","stick-header-meta":"","header-above-stick-meta":"","header-main-stick-meta":"","header-below-stick-meta":"","astra-migrate-meta-layouts":"set","ast-page-background-enabled":"default","ast-page-background-meta":{"desktop":{"background-color":"","background-image":"","background-repeat":"repeat","background-position":"center center","background-size":"auto","background-attachment":"scroll","background-type":"","background-media":"","overlay-type":"","overlay-color":"","overlay-opacity":"","overlay-gradient":""},"tablet":{"background-color":"","background-image":"","background-repeat":"repeat","background-position":"center center","background-size":"auto","background-attachment":"scroll","background-type":"","background-media":"","overlay-type":"","overlay-color":"","overlay-opacity":"","overlay-gradient":""},"mobile":{"background-color":"","background-image":"","background-repeat":"repeat","background-position":"center center","background-size":"auto","background-attachment":"scroll","background-type":"","background-media":"","overlay-type":"","overlay-color":"","overlay-opacity":"","overlay-gradient":""}},"ast-content-background-meta":{"desktop":{"background-color":"var(--ast-global-color-5)","background-image":"","background-repeat":"repeat","background-position":"center center","background-size":"auto","background-attachment":"scroll","background-type":"","background-media":"","overlay-type":"","overlay-color":"","overlay-opacity":"","overlay-gradient":""},"tablet":{"background-color":"var(--ast-global-color-5)","background-image":"","background-repeat":"repeat","background-position":"center center","background-size":"auto","background-attachment":"scroll","background-type":"","background-media":"","overlay-type":"","overlay-color":"","overlay-opacity":"","overlay-gradient":""},"mobile":{"background-color":"var(--ast-global-color-5)","background-image":"","background-repeat":"repeat","background-position":"center center","background-size":"auto","background-attachment":"scroll","background-type":"","background-media":"","overlay-type":"","overlay-color":"","overlay-opacity":"","overlay-gradient":""}}},"product_brand":[41],"product_cat":[98,104],"product_tag":[93,44,57],"class_list":{"0":"post-10589","1":"product","2":"type-product","3":"status-publish","4":"has-post-thumbnail","6":"product_brand-amag-printup","7":"product_cat-3d","8":"product_cat-bijutaria","9":"product_tag-3d","10":"product_tag-personalizado","11":"product_tag-presente","12":"product_shipping_class-pacotes-em-envelope-almofadado-ou-semelhante","13":"desktop-align-center","14":"tablet-align-center","15":"mobile-align-center","17":"first","18":"instock","19":"shipping-taxable","20":"purchasable","21":"product-type-variable"},"_links":{"self":[{"href":"https:\/\/aeaprintup.pt\/en\/wp-json\/wp\/v2\/product\/10589","targetHints":{"allow":["GET"]}}],"collection":[{"href":"https:\/\/aeaprintup.pt\/en\/wp-json\/wp\/v2\/product"}],"about":[{"href":"https:\/\/aeaprintup.pt\/en\/wp-json\/wp\/v2\/types\/product"}],"replies":[{"embeddable":true,"href":"https:\/\/aeaprintup.pt\/en\/wp-json\/wp\/v2\/comments?post=10589"}],"version-history":[{"count":0,"href":"https:\/\/aeaprintup.pt\/en\/wp-json\/wp\/v2\/product\/10589\/revisions"}],"wp:featuredmedia":[{"embeddable":true,"href":"https:\/\/aeaprintup.pt\/en\/wp-json\/wp\/v2\/media\/10640"}],"wp:attachment":[{"href":"https:\/\/aeaprintup.pt\/en\/wp-json\/wp\/v2\/media?parent=10589"}],"wp:term":[{"taxonomy":"product_brand","embeddable":true,"href":"https:\/\/aeaprintup.pt\/en\/wp-json\/wp\/v2\/product_brand?post=10589"},{"taxonomy":"product_cat","embeddable":true,"href":"https:\/\/aeaprintup.pt\/en\/wp-json\/wp\/v2\/product_cat?post=10589"},{"taxonomy":"product_tag","embeddable":true,"href":"https:\/\/aeaprintup.pt\/en\/wp-json\/wp\/v2\/product_tag?post=10589"}],"curies":[{"name":"wp","href":"https:\/\/api.w.org\/{rel}","templated":true}]}}