{"id":11011,"date":"2026-03-27T22:59:41","date_gmt":"2026-03-27T22:59:41","guid":{"rendered":"https:\/\/aeaprintup.pt\/?post_type=product&#038;p=11011"},"modified":"2026-05-02T21:07:00","modified_gmt":"2026-05-02T21:07:00","slug":"convite-de-casamento-digital-editavel-estilo-amarelo-neutro","status":"publish","type":"product","link":"https:\/\/aeaprintup.pt\/en\/product\/convite-de-casamento-digital-editavel-estilo-amarelo-neutro\/","title":{"rendered":"Convite de Casamento Digital Edit\u00e1vel Estilo Amarelo Neutro"},"content":{"rendered":"<div id=\"content-toggle-product-details-read-more\" class=\"wt-content-toggle__body wt-content-toggle__body--truncated wt-content-toggle__body--truncated-02\" aria-hidden=\"false\">\n<div id=\"content-toggle-product-details-read-more\" class=\"wt-content-toggle__body wt-content-toggle__body--truncated wt-content-toggle__body--truncated-02\" aria-hidden=\"false\">\n<div id=\"content-toggle-product-details-read-more\" class=\"wt-content-toggle__body wt-content-toggle__body--truncated wt-content-toggle__body--truncated-02\" aria-hidden=\"false\">\n<p data-start=\"143\" data-end=\"447\">Crie convites de casamento lindos e elegantes sem stress!<br data-start=\"200\" data-end=\"203\" \/>Este an\u00fancio refere-se a um convite digital personalizado. N\u00f3s criaremos um design exclusivo com os seus dados e enviaremos um ficheiro de alta qualidade pronto a imprimir ou partilhar \u2013 no mesmo dia, se os dados forem enviados at\u00e9 \u00e0s 18h00 GMT.<\/p>\n<p data-start=\"449\" data-end=\"610\">\u2714\ufe0f <strong data-start=\"452\" data-end=\"472\">DOWNLOAD DIGITAL<\/strong> \u2013 nenhum item f\u00edsico ser\u00e1 enviado<br data-start=\"506\" data-end=\"509\" \/>\u2714\ufe0f <strong data-start=\"512\" data-end=\"555\">Profissionalmente personalizado<\/strong><br data-start=\"555\" data-end=\"558\" \/>\u2714\ufe0f <strong data-start=\"561\" data-end=\"586\">PDF de alta resolu\u00e7\u00e3o<\/strong> pronto para impress\u00e3o<\/p>\n<p data-start=\"612\" data-end=\"632\"><strong data-start=\"612\" data-end=\"630\">COMO FUNCIONA:<\/strong><\/p>\n<ol data-start=\"633\" data-end=\"862\">\n<li data-section-id=\"1gu8hmt\" data-start=\"633\" data-end=\"657\">Compre este an\u00fancio<\/li>\n<li data-section-id=\"1p5cw7t\" data-start=\"658\" data-end=\"779\">Envie os seus dados por email geral@aeaprintup.pt:\n<ul data-start=\"708\" data-end=\"779\">\n<li data-section-id=\"fey9o2\" data-start=\"708\" data-end=\"717\">Nomes<\/li>\n<li data-section-id=\"1uggdco\" data-start=\"721\" data-end=\"729\">Data<\/li>\n<li data-section-id=\"1mw4h5o\" data-start=\"733\" data-end=\"741\">Hora<\/li>\n<li data-section-id=\"yjmgrp\" data-start=\"745\" data-end=\"754\">Local<\/li>\n<li data-section-id=\"a3cysq\" data-start=\"758\" data-end=\"779\">Mensagem opcional<\/li>\n<\/ul>\n<\/li>\n<li data-section-id=\"nunpq0\" data-start=\"780\" data-end=\"810\">Finalizaremos o seu convite<\/li>\n<li data-section-id=\"16fiio\" data-start=\"811\" data-end=\"862\">Receber\u00e1 o ficheiro final por email<\/li>\n<\/ol>\n<p data-start=\"864\" data-end=\"910\"><strong data-start=\"864\" data-end=\"891\">TEMPO DE PROCESSAMENTO:<\/strong><br data-start=\"891\" data-end=\"894\" \/>At\u00e9 1 dia \u00fatil<\/p>\n<p data-start=\"912\" data-end=\"930\"><strong data-start=\"912\" data-end=\"928\">OBSERVA\u00c7\u00d5ES:<\/strong><\/p>\n<ul data-start=\"931\" data-end=\"1123\">\n<li data-section-id=\"37trf6\" data-start=\"970\" data-end=\"1050\">Apenas o texto ser\u00e1 alterado; o design, cores e layout permanecem os mesmos.<\/li>\n<li data-section-id=\"16aarhq\" data-start=\"1051\" data-end=\"1123\">Perfeito para imprimir em casa, numa gr\u00e1fica ou enviar digitalmente!<\/li>\n<\/ul>\n<p data-start=\"1125\" data-end=\"1181\">Se tiver alguma d\u00favida, pode enviar-nos uma mensagem \ud83e\udd0d<\/p>\n<\/div>\n<\/div>\n<\/div>","protected":false},"excerpt":{"rendered":"<p data-start=\"494\" data-end=\"665\">Convite de casamento digital personalizado com os seus dados. Receba um PDF em alta resolu\u00e7\u00e3o pronto para imprimir ou enviar digitalmente em at\u00e9 24 horas. Produto digital.<\/p>","protected":false},"featured_media":11013,"comment_status":"open","ping_status":"closed","template":"","meta":{"site-sidebar-layout":"default","site-content-layout":"","ast-site-content-layout":"default","site-content-style":"default","site-sidebar-style":"default","ast-global-header-display":"","ast-banner-title-visibility":"","ast-main-header-display":"","ast-hfb-above-header-display":"","ast-hfb-below-header-display":"","ast-hfb-mobile-header-display":"","site-post-title":"","ast-breadcrumbs-content":"","ast-featured-img":"","footer-sml-layout":"","ast-disable-related-posts":"","theme-transparent-header-meta":"default","adv-header-id-meta":"","stick-header-meta":"","header-above-stick-meta":"","header-main-stick-meta":"","header-below-stick-meta":"","astra-migrate-meta-layouts":"set","ast-page-background-enabled":"default","ast-page-background-meta":{"desktop":{"background-color":"","background-image":"","background-repeat":"repeat","background-position":"center center","background-size":"auto","background-attachment":"scroll","background-type":"","background-media":"","overlay-type":"","overlay-color":"","overlay-opacity":"","overlay-gradient":""},"tablet":{"background-color":"","background-image":"","background-repeat":"repeat","background-position":"center center","background-size":"auto","background-attachment":"scroll","background-type":"","background-media":"","overlay-type":"","overlay-color":"","overlay-opacity":"","overlay-gradient":""},"mobile":{"background-color":"","background-image":"","background-repeat":"repeat","background-position":"center center","background-size":"auto","background-attachment":"scroll","background-type":"","background-media":"","overlay-type":"","overlay-color":"","overlay-opacity":"","overlay-gradient":""}},"ast-content-background-meta":{"desktop":{"background-color":"var(--ast-global-color-5)","background-image":"","background-repeat":"repeat","background-position":"center center","background-size":"auto","background-attachment":"scroll","background-type":"","background-media":"","overlay-type":"","overlay-color":"","overlay-opacity":"","overlay-gradient":""},"tablet":{"background-color":"var(--ast-global-color-5)","background-image":"","background-repeat":"repeat","background-position":"center center","background-size":"auto","background-attachment":"scroll","background-type":"","background-media":"","overlay-type":"","overlay-color":"","overlay-opacity":"","overlay-gradient":""},"mobile":{"background-color":"var(--ast-global-color-5)","background-image":"","background-repeat":"repeat","background-position":"center center","background-size":"auto","background-attachment":"scroll","background-type":"","background-media":"","overlay-type":"","overlay-color":"","overlay-opacity":"","overlay-gradient":""}}},"product_brand":[41],"product_cat":[113],"product_tag":[],"class_list":{"0":"post-11011","1":"product","2":"type-product","3":"status-publish","4":"has-post-thumbnail","6":"product_brand-amag-printup","7":"product_cat-digital","8":"desktop-align-center","9":"tablet-align-center","10":"mobile-align-center","12":"first","13":"instock","14":"sale","15":"virtual","16":"purchasable","17":"product-type-simple"},"_links":{"self":[{"href":"https:\/\/aeaprintup.pt\/en\/wp-json\/wp\/v2\/product\/11011","targetHints":{"allow":["GET"]}}],"collection":[{"href":"https:\/\/aeaprintup.pt\/en\/wp-json\/wp\/v2\/product"}],"about":[{"href":"https:\/\/aeaprintup.pt\/en\/wp-json\/wp\/v2\/types\/product"}],"replies":[{"embeddable":true,"href":"https:\/\/aeaprintup.pt\/en\/wp-json\/wp\/v2\/comments?post=11011"}],"version-history":[{"count":0,"href":"https:\/\/aeaprintup.pt\/en\/wp-json\/wp\/v2\/product\/11011\/revisions"}],"wp:featuredmedia":[{"embeddable":true,"href":"https:\/\/aeaprintup.pt\/en\/wp-json\/wp\/v2\/media\/11013"}],"wp:attachment":[{"href":"https:\/\/aeaprintup.pt\/en\/wp-json\/wp\/v2\/media?parent=11011"}],"wp:term":[{"taxonomy":"product_brand","embeddable":true,"href":"https:\/\/aeaprintup.pt\/en\/wp-json\/wp\/v2\/product_brand?post=11011"},{"taxonomy":"product_cat","embeddable":true,"href":"https:\/\/aeaprintup.pt\/en\/wp-json\/wp\/v2\/product_cat?post=11011"},{"taxonomy":"product_tag","embeddable":true,"href":"https:\/\/aeaprintup.pt\/en\/wp-json\/wp\/v2\/product_tag?post=11011"}],"curies":[{"name":"wp","href":"https:\/\/api.w.org\/{rel}","templated":true}]}}