{"id":11319,"date":"2026-05-05T21:45:15","date_gmt":"2026-05-05T21:45:15","guid":{"rendered":"https:\/\/aeaprintup.pt\/?post_type=product&#038;p=11319"},"modified":"2026-05-06T18:17:00","modified_gmt":"2026-05-06T18:17:00","slug":"nomes-personalizados-impressao-3d-decoracao","status":"publish","type":"product","link":"https:\/\/aeaprintup.pt\/en\/product\/nomes-personalizados-impressao-3d-decoracao\/","title":{"rendered":"Nomes Personalizados Impress\u00e3o 3D  \u2013 Decora\u00e7\u00e3o"},"content":{"rendered":"<p>&nbsp;<\/p>\n<p>Os nomes personalizados 3D s\u00e3o a forma perfeita de dar um toque especial e \u00fanico de decora\u00e7\u00e3o. Produzidos em impress\u00e3o 3D de alta qualidade, estes nomes decorativos podem ser criados em v\u00e1rias cores, tamanhos e estilos, adaptando-se ao ambiente e personalidade de cada um.<\/p>\n<p>Cada pe\u00e7a \u00e9 leve, resistente e apresenta um acabamento suave, ideal para colocar na parede, prateleiras, portas ou m\u00f3veis. S\u00e3o tamb\u00e9m uma excelente op\u00e7\u00e3o para ofertas de nascimento, anivers\u00e1rios, batizados ou simplesmente para renovar a sua decora\u00e7\u00e3o.<\/p>\n<p><strong>Caracter\u00edsticas principais:<\/strong><\/p>\n<ul>\n<li>Nome personalizado \u00e0 escolha<\/li>\n<li>Impress\u00e3o 3D com acabamento profissional<\/li>\n<li>Cores s\u00f3lidas e vibrantes<\/li>\n<li>Leves, resistentes e seguras para ambientes infantis<\/li>\n<li>Produ\u00e7\u00e3o r\u00e1pida em Portugal<\/li>\n<li>2 tamanhos: 20cm e 30cm de largura<\/li>\n<\/ul>\n<p>Basta indicar o nome e escolher a cor \u2014 criamos tudo com o m\u00e1ximo cuidado e detalhe.<\/p>\n<p><strong style=\"font-size: 1.5em;\">Observa\u00e7\u00e3o<\/strong><\/p>\n<p>As cores e tamanho apresentados podem diferir ligeiramente ou conforme o pedido.<\/p>\n<p>Produtos personalizados n\u00e3o podem ser devolvidos por mudan\u00e7a de ideia.<\/p>","protected":false},"excerpt":{"rendered":"<p>Nomes personalizados em 3D para decora\u00e7\u00e3o. Leves, resistentes e produzidos em impress\u00e3o 3D com acabamento profissional. Escolha o nome e a cor para criar uma pe\u00e7a \u00fanica e especial.<\/p>","protected":false},"featured_media":11322,"comment_status":"open","ping_status":"closed","template":"","meta":{"site-sidebar-layout":"default","site-content-layout":"","ast-site-content-layout":"default","site-content-style":"default","site-sidebar-style":"default","ast-global-header-display":"","ast-banner-title-visibility":"","ast-main-header-display":"","ast-hfb-above-header-display":"","ast-hfb-below-header-display":"","ast-hfb-mobile-header-display":"","site-post-title":"","ast-breadcrumbs-content":"","ast-featured-img":"","footer-sml-layout":"","ast-disable-related-posts":"","theme-transparent-header-meta":"default","adv-header-id-meta":"","stick-header-meta":"","header-above-stick-meta":"","header-main-stick-meta":"","header-below-stick-meta":"","astra-migrate-meta-layouts":"set","ast-page-background-enabled":"default","ast-page-background-meta":{"desktop":{"background-color":"","background-image":"","background-repeat":"repeat","background-position":"center center","background-size":"auto","background-attachment":"scroll","background-type":"","background-media":"","overlay-type":"","overlay-color":"","overlay-opacity":"","overlay-gradient":""},"tablet":{"background-color":"","background-image":"","background-repeat":"repeat","background-position":"center center","background-size":"auto","background-attachment":"scroll","background-type":"","background-media":"","overlay-type":"","overlay-color":"","overlay-opacity":"","overlay-gradient":""},"mobile":{"background-color":"","background-image":"","background-repeat":"repeat","background-position":"center center","background-size":"auto","background-attachment":"scroll","background-type":"","background-media":"","overlay-type":"","overlay-color":"","overlay-opacity":"","overlay-gradient":""}},"ast-content-background-meta":{"desktop":{"background-color":"var(--ast-global-color-5)","background-image":"","background-repeat":"repeat","background-position":"center center","background-size":"auto","background-attachment":"scroll","background-type":"","background-media":"","overlay-type":"","overlay-color":"","overlay-opacity":"","overlay-gradient":""},"tablet":{"background-color":"var(--ast-global-color-5)","background-image":"","background-repeat":"repeat","background-position":"center center","background-size":"auto","background-attachment":"scroll","background-type":"","background-media":"","overlay-type":"","overlay-color":"","overlay-opacity":"","overlay-gradient":""},"mobile":{"background-color":"var(--ast-global-color-5)","background-image":"","background-repeat":"repeat","background-position":"center center","background-size":"auto","background-attachment":"scroll","background-type":"","background-media":"","overlay-type":"","overlay-color":"","overlay-opacity":"","overlay-gradient":""}}},"product_brand":[41],"product_cat":[98,99,36,100,35],"product_tag":[93,44,57],"class_list":{"0":"post-11319","1":"product","2":"type-product","3":"status-publish","4":"has-post-thumbnail","6":"product_brand-amag-printup","7":"product_cat-3d","8":"product_cat-brinde","9":"product_cat-decoracao","10":"product_cat-empresarial","11":"product_cat-organizacao","12":"product_tag-3d","13":"product_tag-personalizado","14":"product_tag-presente","15":"product_shipping_class-pacotes-em-envelope-almofadado-ou-semelhante","16":"desktop-align-center","17":"tablet-align-center","18":"mobile-align-center","20":"first","21":"instock","22":"shipping-taxable","23":"purchasable","24":"product-type-variable"},"_links":{"self":[{"href":"https:\/\/aeaprintup.pt\/en\/wp-json\/wp\/v2\/product\/11319","targetHints":{"allow":["GET"]}}],"collection":[{"href":"https:\/\/aeaprintup.pt\/en\/wp-json\/wp\/v2\/product"}],"about":[{"href":"https:\/\/aeaprintup.pt\/en\/wp-json\/wp\/v2\/types\/product"}],"replies":[{"embeddable":true,"href":"https:\/\/aeaprintup.pt\/en\/wp-json\/wp\/v2\/comments?post=11319"}],"version-history":[{"count":0,"href":"https:\/\/aeaprintup.pt\/en\/wp-json\/wp\/v2\/product\/11319\/revisions"}],"wp:featuredmedia":[{"embeddable":true,"href":"https:\/\/aeaprintup.pt\/en\/wp-json\/wp\/v2\/media\/11322"}],"wp:attachment":[{"href":"https:\/\/aeaprintup.pt\/en\/wp-json\/wp\/v2\/media?parent=11319"}],"wp:term":[{"taxonomy":"product_brand","embeddable":true,"href":"https:\/\/aeaprintup.pt\/en\/wp-json\/wp\/v2\/product_brand?post=11319"},{"taxonomy":"product_cat","embeddable":true,"href":"https:\/\/aeaprintup.pt\/en\/wp-json\/wp\/v2\/product_cat?post=11319"},{"taxonomy":"product_tag","embeddable":true,"href":"https:\/\/aeaprintup.pt\/en\/wp-json\/wp\/v2\/product_tag?post=11319"}],"curies":[{"name":"wp","href":"https:\/\/api.w.org\/{rel}","templated":true}]}}