{"id":9421,"date":"2025-12-09T01:01:43","date_gmt":"2025-12-09T01:01:43","guid":{"rendered":"https:\/\/aeaprintup.pt\/?post_type=product&#038;p=9421"},"modified":"2026-04-24T21:05:49","modified_gmt":"2026-04-24T21:05:49","slug":"bone-branco-adulto","status":"publish","type":"product","link":"https:\/\/aeaprintup.pt\/en\/product\/bone-branco-adulto\/","title":{"rendered":"Bon\u00e9 Branco Adulto"},"content":{"rendered":"<p>O nosso bon\u00e9 branco de adulto \u00e9 a escolha ideal para quem procura criar acess\u00f3rios \u00fanicos e cheios de estilo. Fabricado em poli\u00e9ster resistente e confort\u00e1vel, este bon\u00e9 oferece excelente qualidade de impress\u00e3o.<br \/>\nPerfeito para eventos, merchandising, equipas, empresas, festas ou simplesmente para criar um bon\u00e9 exclusivo com o seu pr\u00f3prio design. Personalize com foto, texto, frases, ilustra\u00e7\u00f5es ou log\u00f3tipos e receba um acess\u00f3rio \u00fanico, feito especialmente para si.<\/p>\n<p><strong>Caracter\u00edsticas do Bon\u00e9:<\/strong><br \/>\nCor: Branco<br \/>\nTamanho: Adulto ajust\u00e1vel (fecho regul\u00e1vel)<br \/>\nMaterial: Poli\u00e9ster<br \/>\nCorte: Unissexo<\/p>\n<p><strong>Vantagens da Personaliza\u00e7\u00e3o:<\/strong><br \/>\nCrie o seu pr\u00f3prio bon\u00e9 personalizado com foto ou texto<br \/>\nIdeal para presentes originais, merchandising ou uso di\u00e1rio<br \/>\nProduto feito especialmente para si<\/p>\n<p><strong>Como Personalizar:<\/strong><br \/>\nCarregue a sua imagem ou escreva o texto desejado.<br \/>\nFinalize a encomenda e n\u00f3s tratamos da personaliza\u00e7\u00e3o.<\/p>\n<p><strong>Dica:<\/strong> Para melhores resultados, utilize imagens em alta resolu\u00e7\u00e3o e cores contrastantes para destacar o design no fundo branco.<\/p>\n<p><strong>Observa\u00e7\u00f5es Importantes<\/strong><br \/>\nPor se tratar de um produto personalizado e fabricado sob encomenda, n\u00e3o aceitamos devolu\u00e7\u00f5es por mudan\u00e7a de ideia.<\/p>","protected":false},"excerpt":{"rendered":"<p>Bon\u00e9 branco adulto ajust\u00e1vel em poli\u00e9ster, ideal para personaliza\u00e7\u00e3o com foto ou texto.<br \/>\nPerfeito para eventos, merchandising ou uso di\u00e1rio, criando um acess\u00f3rio exclusivo e cheio de estilo.<\/p>","protected":false},"featured_media":9441,"comment_status":"open","ping_status":"closed","template":"","meta":{"site-sidebar-layout":"default","site-content-layout":"","ast-site-content-layout":"default","site-content-style":"default","site-sidebar-style":"default","ast-global-header-display":"","ast-banner-title-visibility":"","ast-main-header-display":"","ast-hfb-above-header-display":"","ast-hfb-below-header-display":"","ast-hfb-mobile-header-display":"","site-post-title":"","ast-breadcrumbs-content":"","ast-featured-img":"","footer-sml-layout":"","ast-disable-related-posts":"","theme-transparent-header-meta":"default","adv-header-id-meta":"","stick-header-meta":"","header-above-stick-meta":"","header-main-stick-meta":"","header-below-stick-meta":"","astra-migrate-meta-layouts":"set","ast-page-background-enabled":"default","ast-page-background-meta":{"desktop":{"background-color":"","background-image":"","background-repeat":"repeat","background-position":"center center","background-size":"auto","background-attachment":"scroll","background-type":"","background-media":"","overlay-type":"","overlay-color":"","overlay-opacity":"","overlay-gradient":""},"tablet":{"background-color":"","background-image":"","background-repeat":"repeat","background-position":"center center","background-size":"auto","background-attachment":"scroll","background-type":"","background-media":"","overlay-type":"","overlay-color":"","overlay-opacity":"","overlay-gradient":""},"mobile":{"background-color":"","background-image":"","background-repeat":"repeat","background-position":"center center","background-size":"auto","background-attachment":"scroll","background-type":"","background-media":"","overlay-type":"","overlay-color":"","overlay-opacity":"","overlay-gradient":""}},"ast-content-background-meta":{"desktop":{"background-color":"var(--ast-global-color-5)","background-image":"","background-repeat":"repeat","background-position":"center center","background-size":"auto","background-attachment":"scroll","background-type":"","background-media":"","overlay-type":"","overlay-color":"","overlay-opacity":"","overlay-gradient":""},"tablet":{"background-color":"var(--ast-global-color-5)","background-image":"","background-repeat":"repeat","background-position":"center center","background-size":"auto","background-attachment":"scroll","background-type":"","background-media":"","overlay-type":"","overlay-color":"","overlay-opacity":"","overlay-gradient":""},"mobile":{"background-color":"var(--ast-global-color-5)","background-image":"","background-repeat":"repeat","background-position":"center center","background-size":"auto","background-attachment":"scroll","background-type":"","background-media":"","overlay-type":"","overlay-color":"","overlay-opacity":"","overlay-gradient":""}}},"product_brand":[41],"product_cat":[99,39],"product_tag":[44,57],"class_list":{"0":"post-9421","1":"product","2":"type-product","3":"status-publish","4":"has-post-thumbnail","6":"product_brand-amag-printup","7":"product_cat-brinde","8":"product_cat-personalizacao","9":"product_tag-personalizado","10":"product_tag-presente","11":"product_shipping_class-grandes","12":"desktop-align-center","13":"tablet-align-center","14":"mobile-align-center","16":"first","17":"instock","18":"shipping-taxable","19":"purchasable","20":"product-type-simple"},"_links":{"self":[{"href":"https:\/\/aeaprintup.pt\/en\/wp-json\/wp\/v2\/product\/9421","targetHints":{"allow":["GET"]}}],"collection":[{"href":"https:\/\/aeaprintup.pt\/en\/wp-json\/wp\/v2\/product"}],"about":[{"href":"https:\/\/aeaprintup.pt\/en\/wp-json\/wp\/v2\/types\/product"}],"replies":[{"embeddable":true,"href":"https:\/\/aeaprintup.pt\/en\/wp-json\/wp\/v2\/comments?post=9421"}],"version-history":[{"count":0,"href":"https:\/\/aeaprintup.pt\/en\/wp-json\/wp\/v2\/product\/9421\/revisions"}],"wp:featuredmedia":[{"embeddable":true,"href":"https:\/\/aeaprintup.pt\/en\/wp-json\/wp\/v2\/media\/9441"}],"wp:attachment":[{"href":"https:\/\/aeaprintup.pt\/en\/wp-json\/wp\/v2\/media?parent=9421"}],"wp:term":[{"taxonomy":"product_brand","embeddable":true,"href":"https:\/\/aeaprintup.pt\/en\/wp-json\/wp\/v2\/product_brand?post=9421"},{"taxonomy":"product_cat","embeddable":true,"href":"https:\/\/aeaprintup.pt\/en\/wp-json\/wp\/v2\/product_cat?post=9421"},{"taxonomy":"product_tag","embeddable":true,"href":"https:\/\/aeaprintup.pt\/en\/wp-json\/wp\/v2\/product_tag?post=9421"}],"curies":[{"name":"wp","href":"https:\/\/api.w.org\/{rel}","templated":true}]}}