{"id":9573,"date":"2025-12-15T19:28:57","date_gmt":"2025-12-15T19:28:57","guid":{"rendered":"https:\/\/aeaprintup.pt\/?post_type=product&#038;p=9573"},"modified":"2026-04-24T20:58:40","modified_gmt":"2026-04-24T20:58:40","slug":"iman-quadrado","status":"publish","type":"product","link":"https:\/\/aeaprintup.pt\/en\/product\/iman-quadrado\/","title":{"rendered":"\u00cdman Quadrado"},"content":{"rendered":"<p>Transforme imagens e mensagens especiais em lembran\u00e7as \u00fanicas com este \u00edman quadrado em cer\u00e2mica para personaliza\u00e7\u00e3o. Ideal para fotografias, log\u00f3tipos ou textos, \u00e9 uma excelente op\u00e7\u00e3o para brindes, eventos, recorda\u00e7\u00f5es ou decora\u00e7\u00e3o personalizada.<\/p>\n<p><strong>Caracter\u00edsticas do produto:<\/strong><br \/>\nFormato: quadrado<br \/>\nMaterial: cer\u00e2mica de alta qualidade<br \/>\nCor: branca<br \/>\nVerso magn\u00e9tico resistente<br \/>\nSuperf\u00edcie lisa, ideal para impress\u00e3o personalizada<\/p>\n<p><strong>Instru\u00e7\u00f5es para personaliza\u00e7\u00e3o:<\/strong><br \/>\nFa\u00e7a o upload da sua imagem ou adicione o texto desejado durante a\u00a0 compra.<br \/>\nFinalize a encomenda e n\u00f3s produzimos com qualidade profissional.<\/p>\n<p><strong>Dica:<\/strong> Para melhores resultados, utilize imagens de alta resolu\u00e7\u00e3o.<\/p>\n<p><strong>Observa\u00e7\u00f5es Importantes<\/strong><br \/>\nPor se tratar de um produto personalizado e fabricado sob encomenda, n\u00e3o aceitamos devolu\u00e7\u00f5es por mudan\u00e7a de ideias.<\/p>\n<p>Este \u00e9 um produto criado pela AM &amp; AG PRINTUP.<\/p>\n<p>Criamos produtos personalizados e impress\u00e3o 3D de alta qualidade para presentes \u00fanicos.<\/p>\n<p>\u2714 Personaliza\u00e7\u00e3o exclusiva<br \/>\n\u2714 Impress\u00e3o de alta qualidade<br \/>\n\u2714 Ideal para presentes<\/p>\n<p>Encomende hoje o seu e crie algo \u00fanico.<\/p>","protected":false},"excerpt":{"rendered":"<p>\u00cdman quadrado em cer\u00e2mica, com acabamento liso e resistente. Ideal para personaliza\u00e7\u00e3o ou uso decorativo. Um acess\u00f3rio simples, funcional e duradouro.<\/p>","protected":false},"featured_media":9576,"comment_status":"open","ping_status":"closed","template":"","meta":{"site-sidebar-layout":"default","site-content-layout":"","ast-site-content-layout":"default","site-content-style":"default","site-sidebar-style":"default","ast-global-header-display":"","ast-banner-title-visibility":"","ast-main-header-display":"","ast-hfb-above-header-display":"","ast-hfb-below-header-display":"","ast-hfb-mobile-header-display":"","site-post-title":"","ast-breadcrumbs-content":"","ast-featured-img":"","footer-sml-layout":"","ast-disable-related-posts":"","theme-transparent-header-meta":"default","adv-header-id-meta":"","stick-header-meta":"","header-above-stick-meta":"","header-main-stick-meta":"","header-below-stick-meta":"","astra-migrate-meta-layouts":"set","ast-page-background-enabled":"default","ast-page-background-meta":{"desktop":{"background-color":"","background-image":"","background-repeat":"repeat","background-position":"center center","background-size":"auto","background-attachment":"scroll","background-type":"","background-media":"","overlay-type":"","overlay-color":"","overlay-opacity":"","overlay-gradient":""},"tablet":{"background-color":"","background-image":"","background-repeat":"repeat","background-position":"center center","background-size":"auto","background-attachment":"scroll","background-type":"","background-media":"","overlay-type":"","overlay-color":"","overlay-opacity":"","overlay-gradient":""},"mobile":{"background-color":"","background-image":"","background-repeat":"repeat","background-position":"center center","background-size":"auto","background-attachment":"scroll","background-type":"","background-media":"","overlay-type":"","overlay-color":"","overlay-opacity":"","overlay-gradient":""}},"ast-content-background-meta":{"desktop":{"background-color":"var(--ast-global-color-5)","background-image":"","background-repeat":"repeat","background-position":"center center","background-size":"auto","background-attachment":"scroll","background-type":"","background-media":"","overlay-type":"","overlay-color":"","overlay-opacity":"","overlay-gradient":""},"tablet":{"background-color":"var(--ast-global-color-5)","background-image":"","background-repeat":"repeat","background-position":"center center","background-size":"auto","background-attachment":"scroll","background-type":"","background-media":"","overlay-type":"","overlay-color":"","overlay-opacity":"","overlay-gradient":""},"mobile":{"background-color":"var(--ast-global-color-5)","background-image":"","background-repeat":"repeat","background-position":"center center","background-size":"auto","background-attachment":"scroll","background-type":"","background-media":"","overlay-type":"","overlay-color":"","overlay-opacity":"","overlay-gradient":""}}},"product_brand":[41],"product_cat":[94,36,39],"product_tag":[44,57],"class_list":{"0":"post-9573","1":"product","2":"type-product","3":"status-publish","4":"has-post-thumbnail","6":"product_brand-amag-printup","7":"product_cat-cozinha","8":"product_cat-decoracao","9":"product_cat-personalizacao","10":"product_tag-personalizado","11":"product_tag-presente","12":"product_shipping_class-pacotes-em-envelope-almofadado-ou-semelhante","13":"desktop-align-center","14":"tablet-align-center","15":"mobile-align-center","17":"first","18":"instock","19":"shipping-taxable","20":"purchasable","21":"product-type-simple"},"_links":{"self":[{"href":"https:\/\/aeaprintup.pt\/en\/wp-json\/wp\/v2\/product\/9573","targetHints":{"allow":["GET"]}}],"collection":[{"href":"https:\/\/aeaprintup.pt\/en\/wp-json\/wp\/v2\/product"}],"about":[{"href":"https:\/\/aeaprintup.pt\/en\/wp-json\/wp\/v2\/types\/product"}],"replies":[{"embeddable":true,"href":"https:\/\/aeaprintup.pt\/en\/wp-json\/wp\/v2\/comments?post=9573"}],"version-history":[{"count":0,"href":"https:\/\/aeaprintup.pt\/en\/wp-json\/wp\/v2\/product\/9573\/revisions"}],"wp:featuredmedia":[{"embeddable":true,"href":"https:\/\/aeaprintup.pt\/en\/wp-json\/wp\/v2\/media\/9576"}],"wp:attachment":[{"href":"https:\/\/aeaprintup.pt\/en\/wp-json\/wp\/v2\/media?parent=9573"}],"wp:term":[{"taxonomy":"product_brand","embeddable":true,"href":"https:\/\/aeaprintup.pt\/en\/wp-json\/wp\/v2\/product_brand?post=9573"},{"taxonomy":"product_cat","embeddable":true,"href":"https:\/\/aeaprintup.pt\/en\/wp-json\/wp\/v2\/product_cat?post=9573"},{"taxonomy":"product_tag","embeddable":true,"href":"https:\/\/aeaprintup.pt\/en\/wp-json\/wp\/v2\/product_tag?post=9573"}],"curies":[{"name":"wp","href":"https:\/\/api.w.org\/{rel}","templated":true}]}}