{"id":9886,"date":"2025-12-28T19:14:56","date_gmt":"2025-12-28T19:14:56","guid":{"rendered":"https:\/\/aeaprintup.pt\/?post_type=product&#038;p=9886"},"modified":"2026-05-01T19:45:43","modified_gmt":"2026-05-01T19:45:43","slug":"porta-chaves-simbolo-personalizavel-3d","status":"publish","type":"product","link":"https:\/\/aeaprintup.pt\/en\/product\/porta-chaves-simbolo-personalizavel-3d\/","title":{"rendered":"Porta-Chaves S\u00edmbolo Personaliz\u00e1vel 3D"},"content":{"rendered":"<p>Crie um porta-chaves exclusivo com s\u00edmbolo personalizado, produzido em impress\u00e3o 3D de alta qualidade. O modelo redondo permite aplicar o s\u00edmbolo que voc\u00ea quiser no centro \u2014 como o exemplo do yin-yang, smile, b\u00fassola, clave \u2014 tornando-o ideal para presentes criativos, lembran\u00e7as personalizadas ou para dar um toque especial \u00e0s suas chaves.<\/p>\n<p><strong>Caracter\u00edsticas do Produto<\/strong><br \/>\nModelo circular com relevo central<br \/>\nMaterial resistente, leve e duradouro<br \/>\nAcompanha argola met\u00e1lica resistente para as suas chaves.<br \/>\nDi\u00e2metro aproximado: 3cm.<\/p>\n<p><strong>Personaliza\u00e7\u00e3o<\/strong><br \/>\nAp\u00f3s escolher a cor, selecione o s\u00edmbolo desejado tendo em conta que ficar\u00e1 como no exemplo da imagem.<\/p>\n<p><strong>Ideal para:<\/strong>Presentes personalizados, datas especiais, lembran\u00e7as de momentos marcantes, brindes corporativos, eventos ou uso pessoal.<\/p>\n<p><strong>Observa\u00e7\u00f5es Importantes<\/strong><br \/>\nAs cores e o tamanho final podem variar ligeiramente devido \u00e0s configura\u00e7\u00f5es do monitor e \u00e0s caracter\u00edsticas do processo de impress\u00e3o 3D.<\/p>\n<p>Este \u00e9 um produto criado pela AM &amp; AG PRINTUP.<\/p>\n<p>Criamos produtos personalizados e impress\u00e3o 3D de alta qualidade para presentes \u00fanicos.<\/p>\n<p>\u2714 Personaliza\u00e7\u00e3o exclusiva<br \/>\n\u2714 Impress\u00e3o de alta qualidade<br \/>\n\u2714 Ideal para presentes<\/p>\n<p>Encomende hoje o seu e crie algo \u00fanico.<\/p>","protected":false},"excerpt":{"rendered":"<p>Porta-chaves redondo com s\u00edmbolo personalizado, produzido em impress\u00e3o 3D com acabamento texturizado. Ideal para presentes criativos, lembran\u00e7as \u00fanicas ou uso pessoal.<\/p>","protected":false},"featured_media":11288,"comment_status":"open","ping_status":"closed","template":"","meta":{"site-sidebar-layout":"default","site-content-layout":"","ast-site-content-layout":"default","site-content-style":"default","site-sidebar-style":"default","ast-global-header-display":"","ast-banner-title-visibility":"","ast-main-header-display":"","ast-hfb-above-header-display":"","ast-hfb-below-header-display":"","ast-hfb-mobile-header-display":"","site-post-title":"","ast-breadcrumbs-content":"","ast-featured-img":"","footer-sml-layout":"","ast-disable-related-posts":"","theme-transparent-header-meta":"default","adv-header-id-meta":"","stick-header-meta":"","header-above-stick-meta":"","header-main-stick-meta":"","header-below-stick-meta":"","astra-migrate-meta-layouts":"set","ast-page-background-enabled":"default","ast-page-background-meta":{"desktop":{"background-color":"","background-image":"","background-repeat":"repeat","background-position":"center center","background-size":"auto","background-attachment":"scroll","background-type":"","background-media":"","overlay-type":"","overlay-color":"","overlay-opacity":"","overlay-gradient":""},"tablet":{"background-color":"","background-image":"","background-repeat":"repeat","background-position":"center center","background-size":"auto","background-attachment":"scroll","background-type":"","background-media":"","overlay-type":"","overlay-color":"","overlay-opacity":"","overlay-gradient":""},"mobile":{"background-color":"","background-image":"","background-repeat":"repeat","background-position":"center center","background-size":"auto","background-attachment":"scroll","background-type":"","background-media":"","overlay-type":"","overlay-color":"","overlay-opacity":"","overlay-gradient":""}},"ast-content-background-meta":{"desktop":{"background-color":"var(--ast-global-color-5)","background-image":"","background-repeat":"repeat","background-position":"center center","background-size":"auto","background-attachment":"scroll","background-type":"","background-media":"","overlay-type":"","overlay-color":"","overlay-opacity":"","overlay-gradient":""},"tablet":{"background-color":"var(--ast-global-color-5)","background-image":"","background-repeat":"repeat","background-position":"center center","background-size":"auto","background-attachment":"scroll","background-type":"","background-media":"","overlay-type":"","overlay-color":"","overlay-opacity":"","overlay-gradient":""},"mobile":{"background-color":"var(--ast-global-color-5)","background-image":"","background-repeat":"repeat","background-position":"center center","background-size":"auto","background-attachment":"scroll","background-type":"","background-media":"","overlay-type":"","overlay-color":"","overlay-opacity":"","overlay-gradient":""}}},"product_brand":[41],"product_cat":[98,91],"product_tag":[93,44,57],"class_list":{"0":"post-9886","1":"product","2":"type-product","3":"status-publish","4":"has-post-thumbnail","6":"product_brand-amag-printup","7":"product_cat-3d","8":"product_cat-porta-chaves","9":"product_tag-3d","10":"product_tag-personalizado","11":"product_tag-presente","12":"product_shipping_class-pacotes-em-envelope-almofadado-ou-semelhante","13":"desktop-align-center","14":"tablet-align-center","15":"mobile-align-center","17":"first","18":"instock","19":"shipping-taxable","20":"product-type-variable"},"_links":{"self":[{"href":"https:\/\/aeaprintup.pt\/en\/wp-json\/wp\/v2\/product\/9886","targetHints":{"allow":["GET"]}}],"collection":[{"href":"https:\/\/aeaprintup.pt\/en\/wp-json\/wp\/v2\/product"}],"about":[{"href":"https:\/\/aeaprintup.pt\/en\/wp-json\/wp\/v2\/types\/product"}],"replies":[{"embeddable":true,"href":"https:\/\/aeaprintup.pt\/en\/wp-json\/wp\/v2\/comments?post=9886"}],"version-history":[{"count":0,"href":"https:\/\/aeaprintup.pt\/en\/wp-json\/wp\/v2\/product\/9886\/revisions"}],"wp:featuredmedia":[{"embeddable":true,"href":"https:\/\/aeaprintup.pt\/en\/wp-json\/wp\/v2\/media\/11288"}],"wp:attachment":[{"href":"https:\/\/aeaprintup.pt\/en\/wp-json\/wp\/v2\/media?parent=9886"}],"wp:term":[{"taxonomy":"product_brand","embeddable":true,"href":"https:\/\/aeaprintup.pt\/en\/wp-json\/wp\/v2\/product_brand?post=9886"},{"taxonomy":"product_cat","embeddable":true,"href":"https:\/\/aeaprintup.pt\/en\/wp-json\/wp\/v2\/product_cat?post=9886"},{"taxonomy":"product_tag","embeddable":true,"href":"https:\/\/aeaprintup.pt\/en\/wp-json\/wp\/v2\/product_tag?post=9886"}],"curies":[{"name":"wp","href":"https:\/\/api.w.org\/{rel}","templated":true}]}}